{"id":30504,"date":"2024-06-12T10:19:47","date_gmt":"2024-06-12T15:19:47","guid":{"rendered":"https:\/\/gabuteau.com\/?post_type=product&#038;p=30504"},"modified":"2024-06-12T10:30:36","modified_gmt":"2024-06-12T15:30:36","slug":"purses-mom-110","status":"publish","type":"product","link":"https:\/\/gabuteau.com\/en\/product\/women\/wallets-en\/purses\/purses-mom-110\/","title":{"rendered":"Purses MOM 110"},"content":{"rendered":"<p>x<\/p>\n","protected":false},"excerpt":{"rendered":"<p>Monedero con un dise\u00f1o en forma de media luna, el tama\u00f1o es perfecto ya que cabe donde quieras y es de f\u00e1cil transporte.<\/p>\n<ul>\n<li>Isotipo repujado<\/li>\n<li>Cierre con borche<\/li>\n<li>Acabados al corte y bordes pintado a mano<\/li>\n<\/ul>\n","protected":false},"featured_media":30498,"template":"","meta":{"_acf_changed":false,"inline_featured_image":false},"product_cat":[405],"product_tag":[435],"class_list":{"0":"post-30504","1":"product","2":"type-product","3":"status-publish","4":"has-post-thumbnail","6":"product_cat-purses","7":"product_tag-terra-en","9":"first","10":"instock","11":"taxable","12":"shipping-taxable","13":"purchasable","14":"product-type-variable","15":"has-default-attributes"},"exclude_global_add_ons":[],"addons":[],"acf":[],"_links":{"self":[{"href":"https:\/\/gabuteau.com\/en\/wp-json\/wp\/v2\/product\/30504","targetHints":{"allow":["GET"]}}],"collection":[{"href":"https:\/\/gabuteau.com\/en\/wp-json\/wp\/v2\/product"}],"about":[{"href":"https:\/\/gabuteau.com\/en\/wp-json\/wp\/v2\/types\/product"}],"wp:featuredmedia":[{"embeddable":true,"href":"https:\/\/gabuteau.com\/en\/wp-json\/wp\/v2\/media\/30498"}],"wp:attachment":[{"href":"https:\/\/gabuteau.com\/en\/wp-json\/wp\/v2\/media?parent=30504"}],"wp:term":[{"taxonomy":"product_cat","embeddable":true,"href":"https:\/\/gabuteau.com\/en\/wp-json\/wp\/v2\/product_cat?post=30504"},{"taxonomy":"product_tag","embeddable":true,"href":"https:\/\/gabuteau.com\/en\/wp-json\/wp\/v2\/product_tag?post=30504"}],"curies":[{"name":"wp","href":"https:\/\/api.w.org\/{rel}","templated":true}]}}