{"id":11909,"date":"2022-11-28T05:53:04","date_gmt":"2022-11-28T10:53:04","guid":{"rendered":"https:\/\/gabuteau.com\/?post_type=product&#038;p=11909"},"modified":"2026-04-24T17:10:28","modified_gmt":"2026-04-24T22:10:28","slug":"alc-103","status":"publish","type":"product","link":"https:\/\/gabuteau.com\/es\/producto\/kids\/alcancias\/alc-103\/","title":{"rendered":"Alcanc\u00eda ALC 103"},"content":{"rendered":"<p>x<\/p>\n<div id=\"lt-accessibility-devtools\" aria-hidden=\"true\"><\/div>\n","protected":false},"excerpt":{"rendered":"<p>Originalidad, es lo que define a la alcanc\u00eda con forma de llama.Hecho a mano con l\u00edneas limpias. Ideal para que los peque\u00f1os se diviertan ahorrando.<\/p>\n<ul>\n<li>Interior de tela.<\/li>\n<\/ul>\n<div id=\"lt-accessibility-devtools\" aria-hidden=\"true\"><\/div>\n","protected":false},"featured_media":23868,"template":"","meta":{"_acf_changed":false,"inline_featured_image":false},"product_cat":[255],"product_tag":[287,933,848],"class_list":{"0":"post-11909","1":"product","2":"type-product","3":"status-publish","4":"has-post-thumbnail","6":"product_cat-alcancias","7":"product_tag-era","8":"product_tag-ofrenda","9":"product_tag-raices","11":"first","12":"instock","13":"purchasable","14":"product-type-variable","15":"has-default-attributes"},"exclude_global_add_ons":[],"addons":[],"acf":[],"_links":{"self":[{"href":"https:\/\/gabuteau.com\/es\/wp-json\/wp\/v2\/product\/11909","targetHints":{"allow":["GET"]}}],"collection":[{"href":"https:\/\/gabuteau.com\/es\/wp-json\/wp\/v2\/product"}],"about":[{"href":"https:\/\/gabuteau.com\/es\/wp-json\/wp\/v2\/types\/product"}],"wp:featuredmedia":[{"embeddable":true,"href":"https:\/\/gabuteau.com\/es\/wp-json\/wp\/v2\/media\/23868"}],"wp:attachment":[{"href":"https:\/\/gabuteau.com\/es\/wp-json\/wp\/v2\/media?parent=11909"}],"wp:term":[{"taxonomy":"product_cat","embeddable":true,"href":"https:\/\/gabuteau.com\/es\/wp-json\/wp\/v2\/product_cat?post=11909"},{"taxonomy":"product_tag","embeddable":true,"href":"https:\/\/gabuteau.com\/es\/wp-json\/wp\/v2\/product_tag?post=11909"}],"curies":[{"name":"wp","href":"https:\/\/api.w.org\/{rel}","templated":true}]}}