{"id":11935,"date":"2022-11-28T05:53:59","date_gmt":"2022-11-28T10:53:59","guid":{"rendered":"https:\/\/gabuteau.com\/?post_type=product&#038;p=11935"},"modified":"2024-12-27T18:04:10","modified_gmt":"2024-12-27T23:04:10","slug":"bm-126","status":"publish","type":"product","link":"https:\/\/gabuteau.com\/es\/producto\/mujer\/billeteras-2\/billeteras\/bm-126\/","title":{"rendered":"Billetera BM 126"},"content":{"rendered":"<p>x<\/p>\n","protected":false},"excerpt":{"rendered":"<p>Billetera compacta con un peque\u00f1o tama\u00f1o, f\u00e1cil para transportar. Posee un bolsillo con cierre para monedas, ranuras para tarjetas o documentos y un compartimiento para billetes doblados.<\/p>\n","protected":false},"featured_media":12492,"template":"","meta":{"_acf_changed":false,"inline_featured_image":false},"product_cat":[83],"product_tag":[287],"class_list":{"0":"post-11935","1":"product","2":"type-product","3":"status-publish","4":"has-post-thumbnail","6":"product_cat-billeteras","7":"product_tag-era","9":"first","10":"outofstock","11":"product-type-variable","12":"has-default-attributes"},"exclude_global_add_ons":[],"addons":[],"acf":[],"_links":{"self":[{"href":"https:\/\/gabuteau.com\/es\/wp-json\/wp\/v2\/product\/11935","targetHints":{"allow":["GET"]}}],"collection":[{"href":"https:\/\/gabuteau.com\/es\/wp-json\/wp\/v2\/product"}],"about":[{"href":"https:\/\/gabuteau.com\/es\/wp-json\/wp\/v2\/types\/product"}],"wp:featuredmedia":[{"embeddable":true,"href":"https:\/\/gabuteau.com\/es\/wp-json\/wp\/v2\/media\/12492"}],"wp:attachment":[{"href":"https:\/\/gabuteau.com\/es\/wp-json\/wp\/v2\/media?parent=11935"}],"wp:term":[{"taxonomy":"product_cat","embeddable":true,"href":"https:\/\/gabuteau.com\/es\/wp-json\/wp\/v2\/product_cat?post=11935"},{"taxonomy":"product_tag","embeddable":true,"href":"https:\/\/gabuteau.com\/es\/wp-json\/wp\/v2\/product_tag?post=11935"}],"curies":[{"name":"wp","href":"https:\/\/api.w.org\/{rel}","templated":true}]}}