{"id":11972,"date":"2022-11-28T05:54:27","date_gmt":"2022-11-28T10:54:27","guid":{"rendered":"https:\/\/gabuteau.com\/?post_type=product&#038;p=11972"},"modified":"2026-04-18T00:30:30","modified_gmt":"2026-04-18T05:30:30","slug":"elise","status":"publish","type":"product","link":"https:\/\/gabuteau.com\/es\/producto\/mujer\/bolsos\/crossbody\/elise\/","title":{"rendered":"ELISE"},"content":{"rendered":"<p>&nbsp;<\/p>\n<div id=\"lt-accessibility-devtools\" aria-hidden=\"true\"><\/div>\n","protected":false},"excerpt":{"rendered":"<p>Un bolso original, la forma de armar el bolso est\u00e1 inspirado en la t\u00e9cnica de origami. Perfecto para llevarlo como crossbody o como clutch ya que tiene asas extra\u00edbles, sin duda un dise\u00f1o exquisito y elegante.<\/p>\n<ul>\n<li>Asa ajustable y removibles.<\/li>\n<li>Cierre magn\u00e9tico.<\/li>\n<li>Tarjetero interno.<\/li>\n<li>Interior de tela.<\/li>\n<\/ul>\n<div id=\"lt-accessibility-devtools\" aria-hidden=\"true\"><\/div>\n","protected":false},"featured_media":30420,"template":"","meta":{"_acf_changed":false,"inline_featured_image":false},"product_cat":[79],"product_tag":[735,287,933,848],"class_list":{"0":"post-11972","1":"product","2":"type-product","3":"status-publish","4":"has-post-thumbnail","6":"product_cat-crossbody","7":"product_tag-destino","8":"product_tag-era","9":"product_tag-ofrenda","10":"product_tag-raices","12":"first","13":"instock","14":"purchasable","15":"product-type-variable","16":"has-default-attributes"},"exclude_global_add_ons":[],"addons":[],"acf":[],"_links":{"self":[{"href":"https:\/\/gabuteau.com\/es\/wp-json\/wp\/v2\/product\/11972","targetHints":{"allow":["GET"]}}],"collection":[{"href":"https:\/\/gabuteau.com\/es\/wp-json\/wp\/v2\/product"}],"about":[{"href":"https:\/\/gabuteau.com\/es\/wp-json\/wp\/v2\/types\/product"}],"wp:featuredmedia":[{"embeddable":true,"href":"https:\/\/gabuteau.com\/es\/wp-json\/wp\/v2\/media\/30420"}],"wp:attachment":[{"href":"https:\/\/gabuteau.com\/es\/wp-json\/wp\/v2\/media?parent=11972"}],"wp:term":[{"taxonomy":"product_cat","embeddable":true,"href":"https:\/\/gabuteau.com\/es\/wp-json\/wp\/v2\/product_cat?post=11972"},{"taxonomy":"product_tag","embeddable":true,"href":"https:\/\/gabuteau.com\/es\/wp-json\/wp\/v2\/product_tag?post=11972"}],"curies":[{"name":"wp","href":"https:\/\/api.w.org\/{rel}","templated":true}]}}