{"id":12028,"date":"2022-11-28T05:55:50","date_gmt":"2022-11-28T10:55:50","guid":{"rendered":"https:\/\/gabuteau.com\/?post_type=product&#038;p=12028"},"modified":"2026-04-10T18:09:44","modified_gmt":"2026-04-10T23:09:44","slug":"mandil-l","status":"publish","type":"product","link":"https:\/\/gabuteau.com\/es\/producto\/hombre\/accesorios-h\/mandiles-2\/mandil-l\/","title":{"rendered":"MANDIL &#8211; L"},"content":{"rendered":"<p>x<\/p>\n","protected":false},"excerpt":{"rendered":"<p>Traemos el complemento perfecto para los amantes de la parrilla, ideal para cubrir tu ropa. Perfecto, ya que se puede ajustar a tu cuello y a la cintura. Contamos con dos tama\u00f1os, que se adec\u00faan perfectamente tanto a la persona m\u00e1s alta como a la m\u00e1s baja. Un producto hecho 100% a mano.<\/p>\n<ul>\n<li>Posterior de gamuza.<\/li>\n<li>Asas ajustables en el cuello.<\/li>\n<li>Asas ajustables en la cintura.<\/li>\n<li>2 ojales delanteros.<\/li>\n<li>Cuero al corte.<\/li>\n<\/ul>\n","protected":false},"featured_media":23230,"template":"","meta":{"_acf_changed":false,"inline_featured_image":false},"product_cat":[632,983,296],"product_tag":[287],"class_list":{"0":"post-12028","1":"product","2":"type-product","3":"status-publish","4":"has-post-thumbnail","6":"product_cat-mandiles-2","7":"product_cat-mesa-cocina","8":"product_cat-mandiles","9":"product_tag-era","11":"first","12":"instock","13":"purchasable","14":"product-type-variable","15":"has-default-attributes"},"exclude_global_add_ons":[],"addons":[],"acf":[],"_links":{"self":[{"href":"https:\/\/gabuteau.com\/es\/wp-json\/wp\/v2\/product\/12028","targetHints":{"allow":["GET"]}}],"collection":[{"href":"https:\/\/gabuteau.com\/es\/wp-json\/wp\/v2\/product"}],"about":[{"href":"https:\/\/gabuteau.com\/es\/wp-json\/wp\/v2\/types\/product"}],"wp:featuredmedia":[{"embeddable":true,"href":"https:\/\/gabuteau.com\/es\/wp-json\/wp\/v2\/media\/23230"}],"wp:attachment":[{"href":"https:\/\/gabuteau.com\/es\/wp-json\/wp\/v2\/media?parent=12028"}],"wp:term":[{"taxonomy":"product_cat","embeddable":true,"href":"https:\/\/gabuteau.com\/es\/wp-json\/wp\/v2\/product_cat?post=12028"},{"taxonomy":"product_tag","embeddable":true,"href":"https:\/\/gabuteau.com\/es\/wp-json\/wp\/v2\/product_tag?post=12028"}],"curies":[{"name":"wp","href":"https:\/\/api.w.org\/{rel}","templated":true}]}}