{"id":12050,"date":"2022-11-28T05:56:19","date_gmt":"2022-11-28T10:56:19","guid":{"rendered":"https:\/\/gabuteau.com\/?post_type=product&#038;p=12050"},"modified":"2026-04-24T17:09:20","modified_gmt":"2026-04-24T22:09:20","slug":"mini-nicole","status":"publish","type":"product","link":"https:\/\/gabuteau.com\/es\/producto\/mujer\/bolsos\/crossbody\/mini-nicole\/","title":{"rendered":"MINI NICOLE"},"content":{"rendered":"<p>&nbsp;<\/p>\n","protected":false},"excerpt":{"rendered":"<p>De nuestra tote Nicole, nace la versi\u00f3n mini y esta vez en crossbody. Un dise\u00f1o limpio y minimalista que es un must have que s\u00ed o s\u00ed debes tener.<\/p>\n<ul>\n<li>Para llevarlo cruzado, al hombro o de mano.<\/li>\n<li>Asa ajustable y removible.<\/li>\n<li>Cierre magn\u00e9tico.<\/li>\n<li>Bolsillo flotante.<\/li>\n<\/ul>\n","protected":false},"featured_media":33643,"template":"","meta":{"_acf_changed":false,"inline_featured_image":false},"product_cat":[79],"product_tag":[287,906,848],"class_list":{"0":"post-12050","1":"product","2":"type-product","3":"status-publish","4":"has-post-thumbnail","6":"product_cat-crossbody","7":"product_tag-era","8":"product_tag-libertad","9":"product_tag-raices","11":"first","12":"instock","13":"purchasable","14":"product-type-variable","15":"has-default-attributes"},"exclude_global_add_ons":[],"addons":[],"acf":[],"_links":{"self":[{"href":"https:\/\/gabuteau.com\/es\/wp-json\/wp\/v2\/product\/12050","targetHints":{"allow":["GET"]}}],"collection":[{"href":"https:\/\/gabuteau.com\/es\/wp-json\/wp\/v2\/product"}],"about":[{"href":"https:\/\/gabuteau.com\/es\/wp-json\/wp\/v2\/types\/product"}],"wp:featuredmedia":[{"embeddable":true,"href":"https:\/\/gabuteau.com\/es\/wp-json\/wp\/v2\/media\/33643"}],"wp:attachment":[{"href":"https:\/\/gabuteau.com\/es\/wp-json\/wp\/v2\/media?parent=12050"}],"wp:term":[{"taxonomy":"product_cat","embeddable":true,"href":"https:\/\/gabuteau.com\/es\/wp-json\/wp\/v2\/product_cat?post=12050"},{"taxonomy":"product_tag","embeddable":true,"href":"https:\/\/gabuteau.com\/es\/wp-json\/wp\/v2\/product_tag?post=12050"}],"curies":[{"name":"wp","href":"https:\/\/api.w.org\/{rel}","templated":true}]}}