{"id":12066,"date":"2022-11-28T05:56:46","date_gmt":"2022-11-28T10:56:46","guid":{"rendered":"https:\/\/gabuteau.com\/?post_type=product&#038;p=12066"},"modified":"2024-12-27T18:07:32","modified_gmt":"2024-12-27T23:07:32","slug":"nr-1","status":"publish","type":"product","link":"https:\/\/gabuteau.com\/es\/producto\/mujer\/organizadores\/neceseres-2\/nr-1\/","title":{"rendered":"Neceser NR1"},"content":{"rendered":"<p>&nbsp;<\/p>\n","protected":false},"excerpt":{"rendered":"<p>Un accesorio pensado para que te acompa\u00f1e en los viajes. Por su magnifico tama\u00f1o, te permite llevar tus esenciales de una forma c\u00f3moda y organizada.<\/p>\n<ul>\n<li>Cierre met\u00e1lico.<\/li>\n<li>Interior de tela.<\/li>\n<li>Bolsillo interno con cierre.<\/li>\n<\/ul>\n","protected":false},"featured_media":12584,"template":"","meta":{"_acf_changed":false,"inline_featured_image":false},"product_cat":[641,93],"product_tag":[287],"class_list":{"0":"post-12066","1":"product","2":"type-product","3":"status-publish","4":"has-post-thumbnail","6":"product_cat-neceseres-2","7":"product_cat-neceseres","8":"product_tag-era","10":"first","11":"outofstock","12":"product-type-variable","13":"has-default-attributes"},"exclude_global_add_ons":[],"addons":[],"acf":[],"_links":{"self":[{"href":"https:\/\/gabuteau.com\/es\/wp-json\/wp\/v2\/product\/12066","targetHints":{"allow":["GET"]}}],"collection":[{"href":"https:\/\/gabuteau.com\/es\/wp-json\/wp\/v2\/product"}],"about":[{"href":"https:\/\/gabuteau.com\/es\/wp-json\/wp\/v2\/types\/product"}],"wp:featuredmedia":[{"embeddable":true,"href":"https:\/\/gabuteau.com\/es\/wp-json\/wp\/v2\/media\/12584"}],"wp:attachment":[{"href":"https:\/\/gabuteau.com\/es\/wp-json\/wp\/v2\/media?parent=12066"}],"wp:term":[{"taxonomy":"product_cat","embeddable":true,"href":"https:\/\/gabuteau.com\/es\/wp-json\/wp\/v2\/product_cat?post=12066"},{"taxonomy":"product_tag","embeddable":true,"href":"https:\/\/gabuteau.com\/es\/wp-json\/wp\/v2\/product_tag?post=12066"}],"curies":[{"name":"wp","href":"https:\/\/api.w.org\/{rel}","templated":true}]}}