{"id":12097,"date":"2022-11-28T05:57:45","date_gmt":"2022-11-28T10:57:45","guid":{"rendered":"https:\/\/gabuteau.com\/?post_type=product&#038;p=12097"},"modified":"2026-04-18T00:29:31","modified_gmt":"2026-04-18T05:29:31","slug":"ppm-104","status":"publish","type":"product","link":"https:\/\/gabuteau.com\/es\/producto\/mujer\/viajes-2\/porta-pasaporte-2\/ppm-104\/","title":{"rendered":"Porta pasaporte PPM 104"},"content":{"rendered":"<p>x<\/p>\n","protected":false},"excerpt":{"rendered":"<p>Un accesorio cl\u00e1sico y elegante que puede ser usado para llevar tus documentos de viaje, o como un clutch. Est\u00e1 dise\u00f1ado con un solo compartimento en forma de sobre. Cerrado con un pin met\u00e1lico que le da el toque elegante. En su interior cuenta con 4 compartimentos para tarjetas y\/o documentos.<\/p>\n<ul>\n<li>4 tarjeteros.<\/li>\n<li>Pin met\u00e1lico.<\/li>\n<li>Cuero al corte y pintado a mano.<\/li>\n<li>Interior gamuza.<\/li>\n<\/ul>\n","protected":false},"featured_media":31281,"template":"","meta":{"_acf_changed":false,"inline_featured_image":false},"product_cat":[638,72,89],"product_tag":[287,848],"class_list":{"0":"post-12097","1":"product","2":"type-product","3":"status-publish","4":"has-post-thumbnail","6":"product_cat-porta-pasaporte-2","7":"product_cat-monogramming","8":"product_cat-porta-pasaporte-accesorios","9":"product_tag-era","10":"product_tag-raices","12":"first","13":"onbackorder","14":"purchasable","15":"product-type-variable","16":"has-default-attributes"},"exclude_global_add_ons":false,"addons":[{"name":"Agregar monogram","type":"checkbox","position":0,"required":false,"title_format":"hide","description_enable":false,"description":"","placeholder_enable":false,"placeholder":"","display":"select","restrictions_type":"any_text","adjust_price":false,"price":"","price_type":"flat_fee","restrictions":false,"min":0,"max":0,"options":[{"label":"Agregar monogram (personalizaci\u00f3n)","price":"0","price_type":"flat_fee","image":0}],"id":1692882220},{"name":"Ingresa tus iniciales","type":"custom_text","position":1,"required":false,"title_format":"label","description_enable":true,"description":"Ingresa m\u00e1ximo X caracteres","placeholder_enable":false,"placeholder":"","display":"select","restrictions_type":"any_text","adjust_price":false,"price":"","price_type":"flat_fee","restrictions":false,"min":0,"max":0,"options":[],"id":1692882221}],"acf":[],"_links":{"self":[{"href":"https:\/\/gabuteau.com\/es\/wp-json\/wp\/v2\/product\/12097","targetHints":{"allow":["GET"]}}],"collection":[{"href":"https:\/\/gabuteau.com\/es\/wp-json\/wp\/v2\/product"}],"about":[{"href":"https:\/\/gabuteau.com\/es\/wp-json\/wp\/v2\/types\/product"}],"wp:featuredmedia":[{"embeddable":true,"href":"https:\/\/gabuteau.com\/es\/wp-json\/wp\/v2\/media\/31281"}],"wp:attachment":[{"href":"https:\/\/gabuteau.com\/es\/wp-json\/wp\/v2\/media?parent=12097"}],"wp:term":[{"taxonomy":"product_cat","embeddable":true,"href":"https:\/\/gabuteau.com\/es\/wp-json\/wp\/v2\/product_cat?post=12097"},{"taxonomy":"product_tag","embeddable":true,"href":"https:\/\/gabuteau.com\/es\/wp-json\/wp\/v2\/product_tag?post=12097"}],"curies":[{"name":"wp","href":"https:\/\/api.w.org\/{rel}","templated":true}]}}