{"id":12137,"date":"2022-11-28T05:58:41","date_gmt":"2022-11-28T10:58:41","guid":{"rendered":"https:\/\/gabuteau.com\/?post_type=product&#038;p=12137"},"modified":"2026-03-28T08:21:43","modified_gmt":"2026-03-28T13:21:43","slug":"tag-viaje-nave-101","status":"publish","type":"product","link":"https:\/\/gabuteau.com\/es\/producto\/mujer\/viajes-2\/tag-de-viaje\/tag-viaje-nave-101\/","title":{"rendered":"TAG VIAJE NAVE 101"},"content":{"rendered":"<p>x<\/p>\n<div id=\"lt-accessibility-devtools\" aria-hidden=\"true\"><\/div>\n","protected":false},"excerpt":{"rendered":"<p>Para los amantes de los viajes, este set de 3 tags es una pieza indispensable para identificar tu equipaje. Cada tag tiene el tama\u00f1o ideal, por lo que puede utilizarse en maletas de todos los tama\u00f1os, as\u00ed como en mochilas y carteras.<\/p>\n<p>Incluye: 3 tags del mismo color<\/p>\n<ul>\n<li>Posterior de gamuza.<\/li>\n<li>Agujero en forma de avi\u00f3n.<\/li>\n<li>Cuero al corte.<\/li>\n<\/ul>\n<div id=\"lt-accessibility-devtools\" aria-hidden=\"true\"><\/div>\n","protected":false},"featured_media":26310,"template":"","meta":{"_acf_changed":false,"inline_featured_image":false},"product_cat":[370,72,307],"product_tag":[735,287,956],"class_list":{"0":"post-12137","1":"product","2":"type-product","3":"status-publish","4":"has-post-thumbnail","6":"product_cat-tag-de-viaje-h","7":"product_cat-monogramming","8":"product_cat-tag-de-viaje","9":"product_tag-destino","10":"product_tag-era","11":"product_tag-latitud","13":"first","14":"instock","15":"purchasable","16":"product-type-variable","17":"has-default-attributes"},"exclude_global_add_ons":false,"addons":[{"name":"Agregar monogram","type":"checkbox","position":0,"required":false,"title_format":"hide","description_enable":false,"description":"","placeholder_enable":false,"placeholder":"","display":"select","restrictions_type":"any_text","adjust_price":false,"price":"","price_type":"flat_fee","restrictions":false,"min":0,"max":0,"options":[{"label":"Agregar monogram (personalizaci\u00f3n)","price":"0","price_type":"flat_fee","image":0}],"id":1692882220},{"name":"Ingresa tus iniciales","type":"custom_text","position":1,"required":false,"title_format":"label","description_enable":true,"description":"Ingresa m\u00e1ximo X caracteres","placeholder_enable":false,"placeholder":"","display":"select","restrictions_type":"any_text","adjust_price":false,"price":"","price_type":"flat_fee","restrictions":false,"min":0,"max":0,"options":[],"id":1692882221}],"acf":[],"_links":{"self":[{"href":"https:\/\/gabuteau.com\/es\/wp-json\/wp\/v2\/product\/12137","targetHints":{"allow":["GET"]}}],"collection":[{"href":"https:\/\/gabuteau.com\/es\/wp-json\/wp\/v2\/product"}],"about":[{"href":"https:\/\/gabuteau.com\/es\/wp-json\/wp\/v2\/types\/product"}],"wp:featuredmedia":[{"embeddable":true,"href":"https:\/\/gabuteau.com\/es\/wp-json\/wp\/v2\/media\/26310"}],"wp:attachment":[{"href":"https:\/\/gabuteau.com\/es\/wp-json\/wp\/v2\/media?parent=12137"}],"wp:term":[{"taxonomy":"product_cat","embeddable":true,"href":"https:\/\/gabuteau.com\/es\/wp-json\/wp\/v2\/product_cat?post=12137"},{"taxonomy":"product_tag","embeddable":true,"href":"https:\/\/gabuteau.com\/es\/wp-json\/wp\/v2\/product_tag?post=12137"}],"curies":[{"name":"wp","href":"https:\/\/api.w.org\/{rel}","templated":true}]}}