{"id":12141,"date":"2022-11-28T05:58:41","date_gmt":"2022-11-28T10:58:41","guid":{"rendered":"https:\/\/gabuteau.com\/?post_type=product&#038;p=12141"},"modified":"2026-04-10T18:09:28","modified_gmt":"2026-04-10T23:09:28","slug":"th-107","status":"publish","type":"product","link":"https:\/\/gabuteau.com\/es\/producto\/hombre\/billeteras-3\/tarjeteros\/th-107\/","title":{"rendered":"Tarjetero TH 107"},"content":{"rendered":"<p>&nbsp;<\/p>\n","protected":false},"excerpt":{"rendered":"<p>Dise\u00f1o con una sensaci\u00f3n minimalista. Este tarjetero en el cuerpo frontal tiene una solapa con im\u00e1n, 2 ranuras para tarjetas de cr\u00e9dito y un compartimento adicional. En la parte posterior posee 2 ranuras para tarjetas o documentos.<\/p>\n<ul>\n<li>Cierre magn\u00e9tico.<\/li>\n<li>4 compartimiento para tarjetas o documentos.<\/li>\n<li>1 Compartimiento adicioanal.<\/li>\n<\/ul>\n","protected":false},"featured_media":32676,"template":"","meta":{"_acf_changed":false,"inline_featured_image":false},"product_cat":[86],"product_tag":[287,933,848],"class_list":{"0":"post-12141","1":"product","2":"type-product","3":"status-publish","4":"has-post-thumbnail","6":"product_cat-tarjeteros","7":"product_tag-era","8":"product_tag-ofrenda","9":"product_tag-raices","11":"first","12":"instock","13":"purchasable","14":"product-type-variable","15":"has-default-attributes"},"exclude_global_add_ons":[],"addons":[],"acf":[],"_links":{"self":[{"href":"https:\/\/gabuteau.com\/es\/wp-json\/wp\/v2\/product\/12141","targetHints":{"allow":["GET"]}}],"collection":[{"href":"https:\/\/gabuteau.com\/es\/wp-json\/wp\/v2\/product"}],"about":[{"href":"https:\/\/gabuteau.com\/es\/wp-json\/wp\/v2\/types\/product"}],"wp:featuredmedia":[{"embeddable":true,"href":"https:\/\/gabuteau.com\/es\/wp-json\/wp\/v2\/media\/32676"}],"wp:attachment":[{"href":"https:\/\/gabuteau.com\/es\/wp-json\/wp\/v2\/media?parent=12141"}],"wp:term":[{"taxonomy":"product_cat","embeddable":true,"href":"https:\/\/gabuteau.com\/es\/wp-json\/wp\/v2\/product_cat?post=12141"},{"taxonomy":"product_tag","embeddable":true,"href":"https:\/\/gabuteau.com\/es\/wp-json\/wp\/v2\/product_tag?post=12141"}],"curies":[{"name":"wp","href":"https:\/\/api.w.org\/{rel}","templated":true}]}}