{"id":12158,"date":"2022-11-28T05:59:10","date_gmt":"2022-11-28T10:59:10","guid":{"rendered":"https:\/\/gabuteau.com\/?post_type=product&#038;p=12158"},"modified":"2026-04-24T17:09:56","modified_gmt":"2026-04-24T22:09:56","slug":"tm-120","status":"publish","type":"product","link":"https:\/\/gabuteau.com\/es\/producto\/mujer\/billeteras-2\/tarjeteros-accesorios\/tm-120\/","title":{"rendered":"Tarjetero TM 120"},"content":{"rendered":"<p>&nbsp;<\/p>\n","protected":false},"excerpt":{"rendered":"<p>Dise\u00f1o exquisito y \u00fanico, es lo que nos refleja el tarjetero TM 120. Tiene 2 ranuras en la parte posterior para tarjetas de cr\u00e9dito. En el medio cuenta con un compartimiento y en la parte delantera 2 espacios adicionales; ideales para guardar documentos o tarjetas, que se aseguran con una leng\u00fceta con pin.<\/p>\n","protected":false},"featured_media":12692,"template":"","meta":{"_acf_changed":false,"inline_featured_image":false},"product_cat":[87],"product_tag":[287,848],"class_list":{"0":"post-12158","1":"product","2":"type-product","3":"status-publish","4":"has-post-thumbnail","6":"product_cat-tarjeteros-accesorios","7":"product_tag-era","8":"product_tag-raices","10":"first","11":"instock","12":"purchasable","13":"product-type-variable","14":"has-default-attributes"},"exclude_global_add_ons":[],"addons":[],"acf":[],"_links":{"self":[{"href":"https:\/\/gabuteau.com\/es\/wp-json\/wp\/v2\/product\/12158","targetHints":{"allow":["GET"]}}],"collection":[{"href":"https:\/\/gabuteau.com\/es\/wp-json\/wp\/v2\/product"}],"about":[{"href":"https:\/\/gabuteau.com\/es\/wp-json\/wp\/v2\/types\/product"}],"wp:featuredmedia":[{"embeddable":true,"href":"https:\/\/gabuteau.com\/es\/wp-json\/wp\/v2\/media\/12692"}],"wp:attachment":[{"href":"https:\/\/gabuteau.com\/es\/wp-json\/wp\/v2\/media?parent=12158"}],"wp:term":[{"taxonomy":"product_cat","embeddable":true,"href":"https:\/\/gabuteau.com\/es\/wp-json\/wp\/v2\/product_cat?post=12158"},{"taxonomy":"product_tag","embeddable":true,"href":"https:\/\/gabuteau.com\/es\/wp-json\/wp\/v2\/product_tag?post=12158"}],"curies":[{"name":"wp","href":"https:\/\/api.w.org\/{rel}","templated":true}]}}