{"id":12163,"date":"2022-11-28T05:59:10","date_gmt":"2022-11-28T10:59:10","guid":{"rendered":"https:\/\/gabuteau.com\/?post_type=product&#038;p=12163"},"modified":"2026-04-10T18:09:21","modified_gmt":"2026-04-10T23:09:21","slug":"tm-121","status":"publish","type":"product","link":"https:\/\/gabuteau.com\/es\/producto\/mujer\/billeteras-2\/tarjeteros-accesorios\/tm-121\/","title":{"rendered":"Tarjetero TM 121"},"content":{"rendered":"<p>&nbsp;<\/p>\n","protected":false},"excerpt":{"rendered":"<p>Un dise\u00f1o moderno con 2 ranuras asim\u00e9tricas en el cuerpo frontal lo hace ser un tarjetero inigualable, que puedes combinar con muchas prendas. Adem\u00e1s incluye una ranura interior para billetes y\/o papeles.<\/p>\n","protected":false},"featured_media":33412,"template":"","meta":{"_acf_changed":false,"inline_featured_image":false},"product_cat":[72,87],"product_tag":[287,906],"class_list":{"0":"post-12163","1":"product","2":"type-product","3":"status-publish","4":"has-post-thumbnail","6":"product_cat-monogramming","7":"product_cat-tarjeteros-accesorios","8":"product_tag-era","9":"product_tag-libertad","11":"first","12":"outofstock","13":"product-type-variable","14":"has-default-attributes"},"exclude_global_add_ons":false,"addons":[{"name":"Agregar monogram","type":"checkbox","position":0,"required":false,"title_format":"hide","description_enable":false,"description":"","placeholder_enable":false,"placeholder":"","display":"select","restrictions_type":"any_text","adjust_price":false,"price":"","price_type":"flat_fee","restrictions":false,"min":0,"max":0,"options":[{"label":"Agregar monogram (personalizaci\u00f3n)","price":"0","price_type":"flat_fee","image":0}],"id":1692882220},{"name":"Ingresa tus iniciales","type":"custom_text","position":1,"required":false,"title_format":"label","description_enable":true,"description":"Ingresa m\u00e1ximo X caracteres","placeholder_enable":false,"placeholder":"","display":"select","restrictions_type":"any_text","adjust_price":false,"price":"","price_type":"flat_fee","restrictions":false,"min":0,"max":0,"options":[],"id":1692882221}],"acf":[],"_links":{"self":[{"href":"https:\/\/gabuteau.com\/es\/wp-json\/wp\/v2\/product\/12163","targetHints":{"allow":["GET"]}}],"collection":[{"href":"https:\/\/gabuteau.com\/es\/wp-json\/wp\/v2\/product"}],"about":[{"href":"https:\/\/gabuteau.com\/es\/wp-json\/wp\/v2\/types\/product"}],"wp:featuredmedia":[{"embeddable":true,"href":"https:\/\/gabuteau.com\/es\/wp-json\/wp\/v2\/media\/33412"}],"wp:attachment":[{"href":"https:\/\/gabuteau.com\/es\/wp-json\/wp\/v2\/media?parent=12163"}],"wp:term":[{"taxonomy":"product_cat","embeddable":true,"href":"https:\/\/gabuteau.com\/es\/wp-json\/wp\/v2\/product_cat?post=12163"},{"taxonomy":"product_tag","embeddable":true,"href":"https:\/\/gabuteau.com\/es\/wp-json\/wp\/v2\/product_tag?post=12163"}],"curies":[{"name":"wp","href":"https:\/\/api.w.org\/{rel}","templated":true}]}}