{"id":12188,"date":"2022-11-28T08:02:24","date_gmt":"2022-11-28T13:02:24","guid":{"rendered":"https:\/\/gabuteau.com\/?post_type=product&#038;p=12188"},"modified":"2026-04-18T00:28:28","modified_gmt":"2026-04-18T05:28:28","slug":"bm-122-alg","status":"publish","type":"product","link":"https:\/\/gabuteau.com\/es\/producto\/mujer\/billeteras-2\/billeteras\/bm-122-alg\/","title":{"rendered":"Billetera BM 122 &#8211; ALG"},"content":{"rendered":"<p>&nbsp;<\/p>\n<div id=\"lt-accessibility-devtools\" aria-hidden=\"true\"><\/div>\n","protected":false},"excerpt":{"rendered":"<p>Un dise\u00f1o pensado para la mujer actual, moderna, que le gusta lo limpio. Un dise\u00f1o fuera de lo com\u00fan elaborado con tela y cuero. Dos cuerpos que van unidos con un mosquet\u00f3n, pero que puedes usarlo por separado. El cuerpo grande en su interior contiene 3 ranuras para tarjetero y en la parte posterior un bolsillo con cierre de cremallera. El bolso peque\u00f1o puedes usarlo para billetes como para monedas, los dos van cerrado con im\u00e1n.<\/p>\n<div id=\"lt-accessibility-devtools\" aria-hidden=\"true\"><\/div>\n","protected":false},"featured_media":9255,"template":"","meta":{"_acf_changed":false,"inline_featured_image":false},"product_cat":[72,83],"product_tag":[287],"class_list":{"0":"post-12188","1":"product","2":"type-product","3":"status-publish","4":"has-post-thumbnail","6":"product_cat-monogramming","7":"product_cat-billeteras","8":"product_tag-era","10":"first","11":"instock","12":"taxable","13":"shipping-taxable","14":"purchasable","15":"product-type-variable","16":"has-default-attributes"},"exclude_global_add_ons":false,"addons":[{"name":"Agregar monogram","type":"checkbox","position":0,"required":false,"title_format":"hide","description_enable":false,"description":"","placeholder_enable":false,"placeholder":"","display":"select","restrictions_type":"any_text","adjust_price":false,"price":"","price_type":"flat_fee","restrictions":false,"min":0,"max":0,"options":[{"label":"Agregar monogram (personalizaci\u00f3n)","price":"0","price_type":"flat_fee","image":0}],"id":1692882220},{"name":"Ingresa tus iniciales","type":"custom_text","position":1,"required":false,"title_format":"label","description_enable":true,"description":"Ingresa m\u00e1ximo X caracteres","placeholder_enable":false,"placeholder":"","display":"select","restrictions_type":"any_text","adjust_price":false,"price":"","price_type":"flat_fee","restrictions":false,"min":0,"max":0,"options":[],"id":1692882221}],"acf":[],"_links":{"self":[{"href":"https:\/\/gabuteau.com\/es\/wp-json\/wp\/v2\/product\/12188","targetHints":{"allow":["GET"]}}],"collection":[{"href":"https:\/\/gabuteau.com\/es\/wp-json\/wp\/v2\/product"}],"about":[{"href":"https:\/\/gabuteau.com\/es\/wp-json\/wp\/v2\/types\/product"}],"wp:featuredmedia":[{"embeddable":true,"href":"https:\/\/gabuteau.com\/es\/wp-json\/wp\/v2\/media\/9255"}],"wp:attachment":[{"href":"https:\/\/gabuteau.com\/es\/wp-json\/wp\/v2\/media?parent=12188"}],"wp:term":[{"taxonomy":"product_cat","embeddable":true,"href":"https:\/\/gabuteau.com\/es\/wp-json\/wp\/v2\/product_cat?post=12188"},{"taxonomy":"product_tag","embeddable":true,"href":"https:\/\/gabuteau.com\/es\/wp-json\/wp\/v2\/product_tag?post=12188"}],"curies":[{"name":"wp","href":"https:\/\/api.w.org\/{rel}","templated":true}]}}