{"id":12869,"date":"2022-11-29T19:50:35","date_gmt":"2022-11-30T00:50:35","guid":{"rendered":"https:\/\/gabuteau.com\/?post_type=product&#038;p=12869"},"modified":"2026-03-28T08:19:50","modified_gmt":"2026-03-28T13:19:50","slug":"denise-l-soga","status":"publish","type":"product","link":"https:\/\/gabuteau.com\/es\/producto\/mujer\/bolsos\/bucket\/denise-l-soga\/","title":{"rendered":"DENISE L &#8211; SOGA"},"content":{"rendered":"<p>x<\/p>\n","protected":false},"excerpt":{"rendered":"<p>Nuestra ic\u00f3nica Bucket Denise en tama\u00f1o grande, un must que no debe faltar en ning\u00fan closet. Viene para esta temporada con un asa de soga. Su practicidad, funcionalidad y detalles, son amor a primera vista. El trabajo es muy limpio, une dos cuerpos que hacen una pieza espectacular.<\/p>\n","protected":false},"featured_media":8987,"template":"","meta":{"_acf_changed":false,"inline_featured_image":false},"product_cat":[70],"product_tag":[287],"class_list":{"0":"post-12869","1":"product","2":"type-product","3":"status-publish","4":"has-post-thumbnail","6":"product_cat-bucket","7":"product_tag-era","9":"first","10":"onbackorder","11":"purchasable","12":"product-type-variable","13":"has-default-attributes"},"exclude_global_add_ons":[],"addons":[],"acf":[],"_links":{"self":[{"href":"https:\/\/gabuteau.com\/es\/wp-json\/wp\/v2\/product\/12869","targetHints":{"allow":["GET"]}}],"collection":[{"href":"https:\/\/gabuteau.com\/es\/wp-json\/wp\/v2\/product"}],"about":[{"href":"https:\/\/gabuteau.com\/es\/wp-json\/wp\/v2\/types\/product"}],"wp:featuredmedia":[{"embeddable":true,"href":"https:\/\/gabuteau.com\/es\/wp-json\/wp\/v2\/media\/8987"}],"wp:attachment":[{"href":"https:\/\/gabuteau.com\/es\/wp-json\/wp\/v2\/media?parent=12869"}],"wp:term":[{"taxonomy":"product_cat","embeddable":true,"href":"https:\/\/gabuteau.com\/es\/wp-json\/wp\/v2\/product_cat?post=12869"},{"taxonomy":"product_tag","embeddable":true,"href":"https:\/\/gabuteau.com\/es\/wp-json\/wp\/v2\/product_tag?post=12869"}],"curies":[{"name":"wp","href":"https:\/\/api.w.org\/{rel}","templated":true}]}}