{"id":12878,"date":"2022-11-29T19:50:35","date_gmt":"2022-11-30T00:50:35","guid":{"rendered":"https:\/\/gabuteau.com\/?post_type=product&#038;p=12878"},"modified":"2024-12-27T18:03:23","modified_gmt":"2024-12-27T23:03:23","slug":"arianne-alg","status":"publish","type":"product","link":"https:\/\/gabuteau.com\/es\/producto\/mujer\/bolsos\/top-handle\/arianne-alg\/","title":{"rendered":"ARIANNE &#8211; ALG"},"content":{"rendered":"<p>x<\/p>\n","protected":false},"excerpt":{"rendered":"<p>Arianne, de silueta particular y ligera, viene esta temporada con tela y asa de cuero; adem\u00e1s lleva el Isotipo estampado en el cuerpo frontal. Un dise\u00f1o exquisito por donde se vea, y de trabajo artesanal minucioso. Las formas m\u00e1s simples se convierten en todo un reto en nuestro trabajo.<\/p>\n","protected":false},"featured_media":8962,"template":"","meta":{"_acf_changed":false,"inline_featured_image":false},"product_cat":[75],"product_tag":[287],"class_list":{"0":"post-12878","1":"product","2":"type-product","3":"status-publish","4":"has-post-thumbnail","6":"product_cat-top-handle","7":"product_tag-era","9":"first","10":"outofstock","11":"product-type-variable","12":"has-default-attributes"},"exclude_global_add_ons":[],"addons":[],"acf":[],"_links":{"self":[{"href":"https:\/\/gabuteau.com\/es\/wp-json\/wp\/v2\/product\/12878","targetHints":{"allow":["GET"]}}],"collection":[{"href":"https:\/\/gabuteau.com\/es\/wp-json\/wp\/v2\/product"}],"about":[{"href":"https:\/\/gabuteau.com\/es\/wp-json\/wp\/v2\/types\/product"}],"wp:featuredmedia":[{"embeddable":true,"href":"https:\/\/gabuteau.com\/es\/wp-json\/wp\/v2\/media\/8962"}],"wp:attachment":[{"href":"https:\/\/gabuteau.com\/es\/wp-json\/wp\/v2\/media?parent=12878"}],"wp:term":[{"taxonomy":"product_cat","embeddable":true,"href":"https:\/\/gabuteau.com\/es\/wp-json\/wp\/v2\/product_cat?post=12878"},{"taxonomy":"product_tag","embeddable":true,"href":"https:\/\/gabuteau.com\/es\/wp-json\/wp\/v2\/product_tag?post=12878"}],"curies":[{"name":"wp","href":"https:\/\/api.w.org\/{rel}","templated":true}]}}