{"id":12883,"date":"2022-11-29T19:50:35","date_gmt":"2022-11-30T00:50:35","guid":{"rendered":"https:\/\/gabuteau.com\/?post_type=product&#038;p=12883"},"modified":"2024-12-27T18:12:29","modified_gmt":"2024-12-27T23:12:29","slug":"nicole-alg","status":"publish","type":"product","link":"https:\/\/gabuteau.com\/es\/producto\/mujer\/bolsos\/tote\/nicole-alg\/","title":{"rendered":"NICOLE ALG"},"content":{"rendered":"<p>x<\/p>\n","protected":false},"excerpt":{"rendered":"<p>Vers\u00e1til, as\u00ed se define este bolso. De apariencia y sensaci\u00f3n minimalista. Ahora viene en tela y con cuero en su interior. Es nuestra versi\u00f3n del cl\u00e1sico y conocido Tote bag. Espacioso y transportable, suficiente para llevar una laptop, tus compras del d\u00eda a d\u00eda o lo que decidas cargar.<\/p>\n","protected":false},"featured_media":9067,"template":"","meta":{"_acf_changed":false,"inline_featured_image":false},"product_cat":[81],"product_tag":[287],"class_list":{"0":"post-12883","1":"product","2":"type-product","3":"status-publish","4":"has-post-thumbnail","6":"product_cat-tote","7":"product_tag-era","9":"first","10":"outofstock","11":"product-type-variable","12":"has-default-attributes"},"exclude_global_add_ons":[],"addons":[],"acf":[],"_links":{"self":[{"href":"https:\/\/gabuteau.com\/es\/wp-json\/wp\/v2\/product\/12883","targetHints":{"allow":["GET"]}}],"collection":[{"href":"https:\/\/gabuteau.com\/es\/wp-json\/wp\/v2\/product"}],"about":[{"href":"https:\/\/gabuteau.com\/es\/wp-json\/wp\/v2\/types\/product"}],"wp:featuredmedia":[{"embeddable":true,"href":"https:\/\/gabuteau.com\/es\/wp-json\/wp\/v2\/media\/9067"}],"wp:attachment":[{"href":"https:\/\/gabuteau.com\/es\/wp-json\/wp\/v2\/media?parent=12883"}],"wp:term":[{"taxonomy":"product_cat","embeddable":true,"href":"https:\/\/gabuteau.com\/es\/wp-json\/wp\/v2\/product_cat?post=12883"},{"taxonomy":"product_tag","embeddable":true,"href":"https:\/\/gabuteau.com\/es\/wp-json\/wp\/v2\/product_tag?post=12883"}],"curies":[{"name":"wp","href":"https:\/\/api.w.org\/{rel}","templated":true}]}}