{"id":14109,"date":"2022-12-23T16:45:58","date_gmt":"2022-12-23T21:45:58","guid":{"rendered":"https:\/\/gabuteau.com\/?post_type=product&#038;p=14109"},"modified":"2026-03-28T08:21:25","modified_gmt":"2026-03-28T13:21:25","slug":"adv-101","status":"publish","type":"product","link":"https:\/\/gabuteau.com\/es\/producto\/mujer\/viajes-2\/ayudante-de-viaje\/adv-101\/","title":{"rendered":"Ayudante de viaje ADV 101"},"content":{"rendered":"<p>x<\/p>\n","protected":false},"excerpt":{"rendered":"<p>Un indispensable para tus viajes. Un dise\u00f1o limpio y minimalista, que te permitir\u00e1 viajar c\u00f3moda y sin perder el estilo. Brind\u00e1ndote facilidad y seguridad al transportar tu equipaje de mano.<\/p>\n<ul>\n<li>Cinta Rigida<\/li>\n<li>Cierre con iman<\/li>\n<li>2 Compartimientos<\/li>\n<\/ul>\n","protected":false},"featured_media":14162,"template":"","meta":{"_acf_changed":false,"inline_featured_image":false},"product_cat":[368,330],"product_tag":[287],"class_list":{"0":"post-14109","1":"product","2":"type-product","3":"status-publish","4":"has-post-thumbnail","6":"product_cat-ayudante-de-viaje-h","7":"product_cat-ayudante-de-viaje","8":"product_tag-era","10":"first","11":"outofstock","12":"taxable","13":"shipping-taxable","14":"product-type-variable","15":"has-default-attributes"},"exclude_global_add_ons":[],"addons":[],"acf":[],"_links":{"self":[{"href":"https:\/\/gabuteau.com\/es\/wp-json\/wp\/v2\/product\/14109","targetHints":{"allow":["GET"]}}],"collection":[{"href":"https:\/\/gabuteau.com\/es\/wp-json\/wp\/v2\/product"}],"about":[{"href":"https:\/\/gabuteau.com\/es\/wp-json\/wp\/v2\/types\/product"}],"wp:featuredmedia":[{"embeddable":true,"href":"https:\/\/gabuteau.com\/es\/wp-json\/wp\/v2\/media\/14162"}],"wp:attachment":[{"href":"https:\/\/gabuteau.com\/es\/wp-json\/wp\/v2\/media?parent=14109"}],"wp:term":[{"taxonomy":"product_cat","embeddable":true,"href":"https:\/\/gabuteau.com\/es\/wp-json\/wp\/v2\/product_cat?post=14109"},{"taxonomy":"product_tag","embeddable":true,"href":"https:\/\/gabuteau.com\/es\/wp-json\/wp\/v2\/product_tag?post=14109"}],"curies":[{"name":"wp","href":"https:\/\/api.w.org\/{rel}","templated":true}]}}