{"id":23054,"date":"2023-08-12T00:05:43","date_gmt":"2023-08-12T05:05:43","guid":{"rendered":"https:\/\/gabuteau.com\/?post_type=product&#038;p=23054"},"modified":"2026-04-18T00:30:23","modified_gmt":"2026-04-18T05:30:23","slug":"tiana","status":"publish","type":"product","link":"https:\/\/gabuteau.com\/es\/producto\/kids\/bolsos-kids\/crossbody-kids-2\/tiana\/","title":{"rendered":"TIANA"},"content":{"rendered":"<p>&nbsp;<\/p>\n","protected":false},"excerpt":{"rendered":"<p>\u00a1Nuestro bolso Kids m\u00e1s esperado! Un crossbody ideal para los peques de la casa.<br \/>\nPor dentro tiene un forro impermeable lo cual hace que sea de f\u00e1cil limpieza; adem\u00e1s, su tama\u00f1o lo convierte en un accesorio pr\u00e1ctico y sencillo de transportar.<\/p>\n<ul>\n<li>Acabados al corte y bordes pintado a mano.<\/li>\n<li>Interior de tela impermeable<\/li>\n<li>Asa regulable<\/li>\n<li>Cierre magn\u00e9tico<\/li>\n<\/ul>\n","protected":false},"featured_media":33270,"template":"","meta":{"_acf_changed":false,"inline_featured_image":false},"product_cat":[256],"product_tag":[906,848,365],"class_list":{"0":"post-23054","1":"product","2":"type-product","3":"status-publish","4":"has-post-thumbnail","6":"product_cat-crossbody-kids-2","7":"product_tag-libertad","8":"product_tag-raices","9":"product_tag-terra","11":"first","12":"instock","13":"taxable","14":"shipping-taxable","15":"purchasable","16":"product-type-variable","17":"has-default-attributes"},"exclude_global_add_ons":[],"addons":[],"acf":[],"_links":{"self":[{"href":"https:\/\/gabuteau.com\/es\/wp-json\/wp\/v2\/product\/23054","targetHints":{"allow":["GET"]}}],"collection":[{"href":"https:\/\/gabuteau.com\/es\/wp-json\/wp\/v2\/product"}],"about":[{"href":"https:\/\/gabuteau.com\/es\/wp-json\/wp\/v2\/types\/product"}],"wp:featuredmedia":[{"embeddable":true,"href":"https:\/\/gabuteau.com\/es\/wp-json\/wp\/v2\/media\/33270"}],"wp:attachment":[{"href":"https:\/\/gabuteau.com\/es\/wp-json\/wp\/v2\/media?parent=23054"}],"wp:term":[{"taxonomy":"product_cat","embeddable":true,"href":"https:\/\/gabuteau.com\/es\/wp-json\/wp\/v2\/product_cat?post=23054"},{"taxonomy":"product_tag","embeddable":true,"href":"https:\/\/gabuteau.com\/es\/wp-json\/wp\/v2\/product_tag?post=23054"}],"curies":[{"name":"wp","href":"https:\/\/api.w.org\/{rel}","templated":true}]}}