{"id":26622,"date":"2023-12-13T13:05:49","date_gmt":"2023-12-13T18:05:49","guid":{"rendered":"https:\/\/gabuteau.com\/?post_type=product&#038;p=26622"},"modified":"2026-04-24T17:10:18","modified_gmt":"2026-04-24T22:10:18","slug":"camille-selva","status":"publish","type":"product","link":"https:\/\/gabuteau.com\/es\/producto\/mujer\/bolsos\/crossbody\/camille-selva\/","title":{"rendered":"CAMILLE SELVA"},"content":{"rendered":"<p>x<\/p>\n","protected":false},"excerpt":{"rendered":"<p>Llevarla a la realidad fue todo un reto, de silueta tan delgada que imped\u00eda toda maniobra para ser trabajada. La textura elegida del cuero y el interior jug\u00f3 un papel muy importante, pero gracias a la persistencia de nuestros artesanos, se logr\u00f3. Ll\u00e9vala con total comodidad y practicidad. Para llevarla cruzada o al hombro. En su interior lleva un bolsillo con cierre, en el cuerpo frontal lleva un delicado bolsillo de tejido en rafia que va cerrada con un pin, esta combinaci\u00f3n le da el toque sutil a tan lindo dise\u00f1o.<\/p>\n<ul>\n<li>Bolsillo frotal con pin.<\/li>\n<li>Asa ajustable.<\/li>\n<li>Interior de tela.<\/li>\n<li>Bolsillo interno con cierre.<\/li>\n<li>Cierre met\u00e1lico.<\/li>\n<\/ul>\n","protected":false},"featured_media":26748,"template":"","meta":{"_acf_changed":false,"inline_featured_image":false},"product_cat":[79],"product_tag":[735],"class_list":{"0":"post-26622","1":"product","2":"type-product","3":"status-publish","4":"has-post-thumbnail","6":"product_cat-crossbody","7":"product_tag-destino","9":"first","10":"instock","11":"purchasable","12":"product-type-variable","13":"has-default-attributes"},"exclude_global_add_ons":[],"addons":[],"acf":[],"_links":{"self":[{"href":"https:\/\/gabuteau.com\/es\/wp-json\/wp\/v2\/product\/26622","targetHints":{"allow":["GET"]}}],"collection":[{"href":"https:\/\/gabuteau.com\/es\/wp-json\/wp\/v2\/product"}],"about":[{"href":"https:\/\/gabuteau.com\/es\/wp-json\/wp\/v2\/types\/product"}],"wp:featuredmedia":[{"embeddable":true,"href":"https:\/\/gabuteau.com\/es\/wp-json\/wp\/v2\/media\/26748"}],"wp:attachment":[{"href":"https:\/\/gabuteau.com\/es\/wp-json\/wp\/v2\/media?parent=26622"}],"wp:term":[{"taxonomy":"product_cat","embeddable":true,"href":"https:\/\/gabuteau.com\/es\/wp-json\/wp\/v2\/product_cat?post=26622"},{"taxonomy":"product_tag","embeddable":true,"href":"https:\/\/gabuteau.com\/es\/wp-json\/wp\/v2\/product_tag?post=26622"}],"curies":[{"name":"wp","href":"https:\/\/api.w.org\/{rel}","templated":true}]}}