{"id":26628,"date":"2023-12-13T13:05:49","date_gmt":"2023-12-13T18:05:49","guid":{"rendered":"https:\/\/gabuteau.com\/?post_type=product&#038;p=26628"},"modified":"2026-04-24T17:08:52","modified_gmt":"2026-04-24T22:08:52","slug":"chloe-selva","status":"publish","type":"product","link":"https:\/\/gabuteau.com\/es\/producto\/mujer\/bolsos\/de-mano\/chloe-selva\/","title":{"rendered":"CHLOE SELVA"},"content":{"rendered":"<p>&nbsp;<\/p>\n","protected":false},"excerpt":{"rendered":"<p>La nueva versi\u00f3n de Chloe esta hecha con interior tejido y cuero del mismo color. La combinaci\u00f3n de texturas, la monocrom\u00eda y la silueta de este bolso se roba toda las miradas, definitivamente es una pieza \u00fanica.<\/p>\n<ul>\n<li>Asa de mano.<\/li>\n<li>Cierre magn\u00e9tico.<\/li>\n<\/ul>\n","protected":false},"featured_media":26766,"template":"","meta":{"_acf_changed":false,"inline_featured_image":false},"product_cat":[977,72,76],"product_tag":[735],"class_list":{"0":"post-26628","1":"product","2":"type-product","3":"status-publish","4":"has-post-thumbnail","6":"product_cat-clutches-de-mano","7":"product_cat-monogramming","8":"product_cat-de-mano","9":"product_tag-destino","11":"first","12":"instock","13":"purchasable","14":"product-type-variable","15":"has-default-attributes"},"exclude_global_add_ons":false,"addons":[{"name":"Agregar monogram","type":"checkbox","position":0,"required":false,"title_format":"hide","description_enable":false,"description":"","placeholder_enable":false,"placeholder":"","display":"select","restrictions_type":"any_text","adjust_price":false,"price":"","price_type":"flat_fee","restrictions":false,"min":0,"max":0,"options":[{"label":"Agregar monogram (personalizaci\u00f3n)","price":"0","price_type":"flat_fee","image":0}],"id":1692882220},{"name":"Ingresa tus iniciales","type":"custom_text","position":1,"required":false,"title_format":"label","description_enable":true,"description":"Ingresa m\u00e1ximo X caracteres","placeholder_enable":false,"placeholder":"","display":"select","restrictions_type":"any_text","adjust_price":false,"price":"","price_type":"flat_fee","restrictions":false,"min":0,"max":0,"options":[],"id":1692882221}],"acf":[],"_links":{"self":[{"href":"https:\/\/gabuteau.com\/es\/wp-json\/wp\/v2\/product\/26628","targetHints":{"allow":["GET"]}}],"collection":[{"href":"https:\/\/gabuteau.com\/es\/wp-json\/wp\/v2\/product"}],"about":[{"href":"https:\/\/gabuteau.com\/es\/wp-json\/wp\/v2\/types\/product"}],"wp:featuredmedia":[{"embeddable":true,"href":"https:\/\/gabuteau.com\/es\/wp-json\/wp\/v2\/media\/26766"}],"wp:attachment":[{"href":"https:\/\/gabuteau.com\/es\/wp-json\/wp\/v2\/media?parent=26628"}],"wp:term":[{"taxonomy":"product_cat","embeddable":true,"href":"https:\/\/gabuteau.com\/es\/wp-json\/wp\/v2\/product_cat?post=26628"},{"taxonomy":"product_tag","embeddable":true,"href":"https:\/\/gabuteau.com\/es\/wp-json\/wp\/v2\/product_tag?post=26628"}],"curies":[{"name":"wp","href":"https:\/\/api.w.org\/{rel}","templated":true}]}}