{"id":26655,"date":"2023-12-13T13:06:41","date_gmt":"2023-12-13T18:06:41","guid":{"rendered":"https:\/\/gabuteau.com\/?post_type=product&#038;p=26655"},"modified":"2026-04-24T17:10:00","modified_gmt":"2026-04-24T22:10:00","slug":"tm-129","status":"publish","type":"product","link":"https:\/\/gabuteau.com\/es\/producto\/mujer\/billeteras-2\/tarjeteros-accesorios\/tm-129\/","title":{"rendered":"Tarjetero TM 129"},"content":{"rendered":"<p>x<\/p>\n","protected":false},"excerpt":{"rendered":"<p>Un tarjetero con forma de mini sobre. Con gran espacio para cargar monedas, billetes doblados y tarjetas. Su combinaci\u00f3n de colores y su estilo minimal lo convierten en un accesorio fant\u00e1stico y combinable para el d\u00eda a d\u00eda.<\/p>\n<ul>\n<li>Pin met\u00e1lico.<\/li>\n<li>Capacidad 8 tarjetas.<\/li>\n<li>2 colore de cuero.<\/li>\n<li>Interior de tela.<\/li>\n<li>Acabados al corte y bordes pintado a mano.<\/li>\n<\/ul>\n","protected":false},"featured_media":26424,"template":"","meta":{"_acf_changed":false,"inline_featured_image":false},"product_cat":[87],"product_tag":[735],"class_list":{"0":"post-26655","1":"product","2":"type-product","3":"status-publish","4":"has-post-thumbnail","6":"product_cat-tarjeteros-accesorios","7":"product_tag-destino","9":"first","10":"instock","11":"purchasable","12":"product-type-variable","13":"has-default-attributes"},"exclude_global_add_ons":[],"addons":[],"acf":[],"_links":{"self":[{"href":"https:\/\/gabuteau.com\/es\/wp-json\/wp\/v2\/product\/26655","targetHints":{"allow":["GET"]}}],"collection":[{"href":"https:\/\/gabuteau.com\/es\/wp-json\/wp\/v2\/product"}],"about":[{"href":"https:\/\/gabuteau.com\/es\/wp-json\/wp\/v2\/types\/product"}],"wp:featuredmedia":[{"embeddable":true,"href":"https:\/\/gabuteau.com\/es\/wp-json\/wp\/v2\/media\/26424"}],"wp:attachment":[{"href":"https:\/\/gabuteau.com\/es\/wp-json\/wp\/v2\/media?parent=26655"}],"wp:term":[{"taxonomy":"product_cat","embeddable":true,"href":"https:\/\/gabuteau.com\/es\/wp-json\/wp\/v2\/product_cat?post=26655"},{"taxonomy":"product_tag","embeddable":true,"href":"https:\/\/gabuteau.com\/es\/wp-json\/wp\/v2\/product_tag?post=26655"}],"curies":[{"name":"wp","href":"https:\/\/api.w.org\/{rel}","templated":true}]}}