{"id":26660,"date":"2023-12-13T13:07:33","date_gmt":"2023-12-13T18:07:33","guid":{"rendered":"https:\/\/gabuteau.com\/?post_type=product&#038;p=26660"},"modified":"2026-04-16T12:38:24","modified_gmt":"2026-04-16T17:38:24","slug":"tm-130","status":"publish","type":"product","link":"https:\/\/gabuteau.com\/es\/producto\/mujer\/billeteras-2\/tarjeteros-accesorios\/tm-130\/","title":{"rendered":"Tarjetero TM 130"},"content":{"rendered":"<p>x<\/p>\n","protected":false},"excerpt":{"rendered":"<p>Un must para tu d\u00eda a d\u00eda! Es una pieza exquisita que cuenta con el tama\u00f1o ideal para llevar tarjetas y monedas de forma segura.<\/p>\n<ul>\n<li>Tapa con broche.<\/li>\n<li>Bolsillo para monedas.<\/li>\n<li>Capacidad para 3 tarjetas.<\/li>\n<li>Acabados al corte y bordes pintado a mano.<\/li>\n<\/ul>\n","protected":false},"featured_media":26432,"template":"","meta":{"_acf_changed":false,"inline_featured_image":false},"product_cat":[1007,87],"product_tag":[735],"class_list":{"0":"post-26660","1":"product","2":"type-product","3":"status-publish","4":"has-post-thumbnail","6":"product_cat-season-sale","7":"product_cat-tarjeteros-accesorios","8":"product_tag-destino","10":"first","11":"instock","12":"purchasable","13":"product-type-variable","14":"has-default-attributes"},"exclude_global_add_ons":[],"addons":[],"acf":[],"_links":{"self":[{"href":"https:\/\/gabuteau.com\/es\/wp-json\/wp\/v2\/product\/26660","targetHints":{"allow":["GET"]}}],"collection":[{"href":"https:\/\/gabuteau.com\/es\/wp-json\/wp\/v2\/product"}],"about":[{"href":"https:\/\/gabuteau.com\/es\/wp-json\/wp\/v2\/types\/product"}],"wp:featuredmedia":[{"embeddable":true,"href":"https:\/\/gabuteau.com\/es\/wp-json\/wp\/v2\/media\/26432"}],"wp:attachment":[{"href":"https:\/\/gabuteau.com\/es\/wp-json\/wp\/v2\/media?parent=26660"}],"wp:term":[{"taxonomy":"product_cat","embeddable":true,"href":"https:\/\/gabuteau.com\/es\/wp-json\/wp\/v2\/product_cat?post=26660"},{"taxonomy":"product_tag","embeddable":true,"href":"https:\/\/gabuteau.com\/es\/wp-json\/wp\/v2\/product_tag?post=26660"}],"curies":[{"name":"wp","href":"https:\/\/api.w.org\/{rel}","templated":true}]}}