{"id":26670,"date":"2023-12-13T13:07:33","date_gmt":"2023-12-13T18:07:33","guid":{"rendered":"https:\/\/gabuteau.com\/?post_type=product&#038;p=26670"},"modified":"2026-04-16T11:52:45","modified_gmt":"2026-04-16T16:52:45","slug":"tm-132","status":"publish","type":"product","link":"https:\/\/gabuteau.com\/es\/producto\/mujer\/billeteras-2\/tarjeteros-accesorios\/tm-132\/","title":{"rendered":"Tarjetero TM 132"},"content":{"rendered":"<p>x<\/p>\n","protected":false},"excerpt":{"rendered":"<p>Un tarjetero pensado para ellas.Ideal para llevar las tarjetas de presentaci\u00f3n o de cr\u00e9dito. Con acabados minimalistas y dise\u00f1o compacto.<\/p>\n<ul>\n<li>Pin met\u00e1lico.<\/li>\n<li>Capacidad para 17 tarjetas.<\/li>\n<li>Acabados al corte y bordes pintado a mano.<\/li>\n<\/ul>\n","protected":false},"featured_media":26972,"template":"","meta":{"_acf_changed":false,"inline_featured_image":false},"product_cat":[1007,87],"product_tag":[735],"class_list":{"0":"post-26670","1":"product","2":"type-product","3":"status-publish","4":"has-post-thumbnail","6":"product_cat-season-sale","7":"product_cat-tarjeteros-accesorios","8":"product_tag-destino","10":"first","11":"instock","12":"purchasable","13":"product-type-variable","14":"has-default-attributes"},"exclude_global_add_ons":[],"addons":[],"acf":[],"_links":{"self":[{"href":"https:\/\/gabuteau.com\/es\/wp-json\/wp\/v2\/product\/26670","targetHints":{"allow":["GET"]}}],"collection":[{"href":"https:\/\/gabuteau.com\/es\/wp-json\/wp\/v2\/product"}],"about":[{"href":"https:\/\/gabuteau.com\/es\/wp-json\/wp\/v2\/types\/product"}],"wp:featuredmedia":[{"embeddable":true,"href":"https:\/\/gabuteau.com\/es\/wp-json\/wp\/v2\/media\/26972"}],"wp:attachment":[{"href":"https:\/\/gabuteau.com\/es\/wp-json\/wp\/v2\/media?parent=26670"}],"wp:term":[{"taxonomy":"product_cat","embeddable":true,"href":"https:\/\/gabuteau.com\/es\/wp-json\/wp\/v2\/product_cat?post=26670"},{"taxonomy":"product_tag","embeddable":true,"href":"https:\/\/gabuteau.com\/es\/wp-json\/wp\/v2\/product_tag?post=26670"}],"curies":[{"name":"wp","href":"https:\/\/api.w.org\/{rel}","templated":true}]}}