{"id":2716,"date":"2022-07-25T16:22:13","date_gmt":"2022-07-25T21:22:13","guid":{"rendered":"http:\/\/qa.gabuteau.com\/product\/agnes\/"},"modified":"2025-12-22T12:29:35","modified_gmt":"2025-12-22T17:29:35","slug":"agnes","status":"publish","type":"product","link":"https:\/\/gabuteau.com\/es\/producto\/mujer\/bolsos\/canguros\/agnes\/","title":{"rendered":"AGNES"},"content":{"rendered":"<p>x<\/p>\n","protected":false},"excerpt":{"rendered":"<p>Gentil y necesaria, as\u00ed la definimos. Tiene un peque\u00f1o tama\u00f1o, pero permite llevar todo lo necesario para nuestro d\u00eda a d\u00eda. La correa ajustable permite llevar esta pieza en la cintura o cadera, lo que la hace una pieza ideal para un look de d\u00eda y de noche.<\/p>\n<ul>\n<li>Para llevarlo a la cintura \u00f3 cadera.<\/li>\n<li>Cierre magn\u00e9tico.<\/li>\n<li>Correa ajustable.<\/li>\n<li>Interior de tela.<\/li>\n<\/ul>\n","protected":false},"featured_media":20617,"template":"","meta":{"_acf_changed":false,"inline_featured_image":false},"product_cat":[979,72,74],"product_tag":[73,209],"class_list":{"0":"post-2716","1":"product","2":"type-product","3":"status-publish","4":"has-post-thumbnail","6":"product_cat-mochilas-canguros","7":"product_cat-monogramming","8":"product_cat-canguros","9":"product_tag-naturalidad-2022","10":"product_tag-simplicidad","12":"first","13":"outofstock","14":"product-type-variable","15":"has-default-attributes"},"exclude_global_add_ons":false,"addons":[{"name":"Agregar monogram","type":"checkbox","position":0,"required":false,"title_format":"hide","description_enable":false,"description":"","placeholder_enable":false,"placeholder":"","display":"select","restrictions_type":"any_text","adjust_price":false,"price":"","price_type":"flat_fee","restrictions":false,"min":0,"max":0,"options":[{"label":"Agregar monogram (personalizaci\u00f3n)","price":"0","price_type":"flat_fee","image":0}],"id":1692882220},{"name":"Ingresa tus iniciales","type":"custom_text","position":1,"required":false,"title_format":"label","description_enable":true,"description":"Ingresa m\u00e1ximo X caracteres","placeholder_enable":false,"placeholder":"","display":"select","restrictions_type":"any_text","adjust_price":false,"price":"","price_type":"flat_fee","restrictions":false,"min":0,"max":0,"options":[],"id":1692882221}],"acf":[],"_links":{"self":[{"href":"https:\/\/gabuteau.com\/es\/wp-json\/wp\/v2\/product\/2716","targetHints":{"allow":["GET"]}}],"collection":[{"href":"https:\/\/gabuteau.com\/es\/wp-json\/wp\/v2\/product"}],"about":[{"href":"https:\/\/gabuteau.com\/es\/wp-json\/wp\/v2\/types\/product"}],"wp:featuredmedia":[{"embeddable":true,"href":"https:\/\/gabuteau.com\/es\/wp-json\/wp\/v2\/media\/20617"}],"wp:attachment":[{"href":"https:\/\/gabuteau.com\/es\/wp-json\/wp\/v2\/media?parent=2716"}],"wp:term":[{"taxonomy":"product_cat","embeddable":true,"href":"https:\/\/gabuteau.com\/es\/wp-json\/wp\/v2\/product_cat?post=2716"},{"taxonomy":"product_tag","embeddable":true,"href":"https:\/\/gabuteau.com\/es\/wp-json\/wp\/v2\/product_tag?post=2716"}],"curies":[{"name":"wp","href":"https:\/\/api.w.org\/{rel}","templated":true}]}}