{"id":2760,"date":"2022-07-25T16:22:56","date_gmt":"2022-07-25T21:22:56","guid":{"rendered":"http:\/\/qa.gabuteau.com\/product\/bh-104\/"},"modified":"2024-12-27T18:11:18","modified_gmt":"2024-12-27T23:11:18","slug":"bh-104","status":"publish","type":"product","link":"https:\/\/gabuteau.com\/es\/producto\/hombre\/billeteras-3\/billeteras-hombre\/bh-104\/","title":{"rendered":"Billetera BH 104"},"content":{"rendered":"<p>x<\/p>\n","protected":false},"excerpt":{"rendered":"<p>Billetera con un corte asim\u00e9trico en la parte frontal que combina dos colores. Posee 3 ranuras para tarjetas de cr\u00e9dito, 2 compartimentos adicionales y un bolsillo con bot\u00f3n para monedas. Tambi\u00e9n cuenta con una ranura para billetes.<\/p>\n","protected":false},"featured_media":20703,"template":"","meta":{"_acf_changed":false,"inline_featured_image":false},"product_cat":[85],"product_tag":[211],"class_list":{"0":"post-2760","1":"product","2":"type-product","3":"status-publish","4":"has-post-thumbnail","6":"product_cat-billeteras-hombre","7":"product_tag-esta-bien","9":"first","10":"outofstock","11":"product-type-variable","12":"has-default-attributes"},"exclude_global_add_ons":[],"addons":[],"acf":[],"_links":{"self":[{"href":"https:\/\/gabuteau.com\/es\/wp-json\/wp\/v2\/product\/2760","targetHints":{"allow":["GET"]}}],"collection":[{"href":"https:\/\/gabuteau.com\/es\/wp-json\/wp\/v2\/product"}],"about":[{"href":"https:\/\/gabuteau.com\/es\/wp-json\/wp\/v2\/types\/product"}],"wp:featuredmedia":[{"embeddable":true,"href":"https:\/\/gabuteau.com\/es\/wp-json\/wp\/v2\/media\/20703"}],"wp:attachment":[{"href":"https:\/\/gabuteau.com\/es\/wp-json\/wp\/v2\/media?parent=2760"}],"wp:term":[{"taxonomy":"product_cat","embeddable":true,"href":"https:\/\/gabuteau.com\/es\/wp-json\/wp\/v2\/product_cat?post=2760"},{"taxonomy":"product_tag","embeddable":true,"href":"https:\/\/gabuteau.com\/es\/wp-json\/wp\/v2\/product_tag?post=2760"}],"curies":[{"name":"wp","href":"https:\/\/api.w.org\/{rel}","templated":true}]}}