{"id":2763,"date":"2022-07-25T16:22:56","date_gmt":"2022-07-25T21:22:56","guid":{"rendered":"http:\/\/qa.gabuteau.com\/product\/bh-105\/"},"modified":"2024-12-27T18:03:26","modified_gmt":"2024-12-27T23:03:26","slug":"bh-105","status":"publish","type":"product","link":"https:\/\/gabuteau.com\/es\/producto\/hombre\/billeteras-3\/billeteras-hombre\/bh-105\/","title":{"rendered":"Billetera BH 105"},"content":{"rendered":"<p>x<\/p>\n","protected":false},"excerpt":{"rendered":"<p>Una billetera moderna, peque\u00f1a, dise\u00f1ada para el hombre actual. Posee 2 ranuras al corte para tarjetas de cr\u00e9dito, 2 compartimentos adicionales y un compartimento de mica para fotos, notas y\/o recibos. Tambi\u00e9n cuenta con una ranura para billetes.<\/p>\n","protected":false},"featured_media":7082,"template":"","meta":{"_acf_changed":false,"inline_featured_image":false},"product_cat":[85],"product_tag":[211],"class_list":{"0":"post-2763","1":"product","2":"type-product","3":"status-publish","4":"has-post-thumbnail","6":"product_cat-billeteras-hombre","7":"product_tag-esta-bien","9":"first","10":"outofstock","11":"product-type-variable","12":"has-default-attributes"},"exclude_global_add_ons":[],"addons":[],"acf":[],"_links":{"self":[{"href":"https:\/\/gabuteau.com\/es\/wp-json\/wp\/v2\/product\/2763","targetHints":{"allow":["GET"]}}],"collection":[{"href":"https:\/\/gabuteau.com\/es\/wp-json\/wp\/v2\/product"}],"about":[{"href":"https:\/\/gabuteau.com\/es\/wp-json\/wp\/v2\/types\/product"}],"wp:featuredmedia":[{"embeddable":true,"href":"https:\/\/gabuteau.com\/es\/wp-json\/wp\/v2\/media\/7082"}],"wp:attachment":[{"href":"https:\/\/gabuteau.com\/es\/wp-json\/wp\/v2\/media?parent=2763"}],"wp:term":[{"taxonomy":"product_cat","embeddable":true,"href":"https:\/\/gabuteau.com\/es\/wp-json\/wp\/v2\/product_cat?post=2763"},{"taxonomy":"product_tag","embeddable":true,"href":"https:\/\/gabuteau.com\/es\/wp-json\/wp\/v2\/product_tag?post=2763"}],"curies":[{"name":"wp","href":"https:\/\/api.w.org\/{rel}","templated":true}]}}