{"id":2818,"date":"2023-12-13T13:27:36","date_gmt":"2023-12-13T18:27:36","guid":{"rendered":"http:\/\/qa.gabuteau.com\/product\/bm-103\/"},"modified":"2026-03-28T08:21:33","modified_gmt":"2026-03-28T13:21:33","slug":"billetera-bm-103","status":"publish","type":"product","link":"https:\/\/gabuteau.com\/es\/producto\/mujer\/billeteras-2\/billeteras\/billetera-bm-103\/","title":{"rendered":"Billetera BM 103"},"content":{"rendered":"<p>&nbsp;<\/p>\n","protected":false},"excerpt":{"rendered":"<p>Una billetera completa, moderna y peque\u00f1a, dise\u00f1ada para la mujer actual, que prefiere accesorios de facil transportar. Posee 2 ranuras para tarjetas de cr\u00e9dito y 2 compartimientos adicionales en la parte frontal. En su interior cuenta con una ranura para billetes, 5 tarjeteros y 2 compartimientos adicionales. \u00c1demas posee un bolsillo con cierre en el cuerpo posterior. Es una billetera completa y perfecta por su peque\u00f1o tama\u00f1o que puedes llevar a donde quieras.<\/p>\n<ul>\n<li>Ranura para billetes<\/li>\n<li>7 Tarjeteros<\/li>\n<li>Cuero Vacuno Genuino<\/li>\n<li>Broche para cerrar<\/li>\n<li>4 Compartimientos adicionales<\/li>\n<li>1 bolsillo con cierre.<\/li>\n<\/ul>\n","protected":false},"featured_media":27389,"template":"","meta":{"_acf_changed":false,"inline_featured_image":false},"product_cat":[72,83],"product_tag":[735,211],"class_list":{"0":"post-2818","1":"product","2":"type-product","3":"status-publish","4":"has-post-thumbnail","6":"product_cat-monogramming","7":"product_cat-billeteras","8":"product_tag-destino","9":"product_tag-esta-bien","11":"first","12":"instock","13":"purchasable","14":"product-type-variable","15":"has-default-attributes"},"exclude_global_add_ons":false,"addons":[{"name":"Agregar monogram","type":"checkbox","position":0,"required":false,"title_format":"hide","description_enable":false,"description":"","placeholder_enable":false,"placeholder":"","display":"select","restrictions_type":"any_text","adjust_price":false,"price":"","price_type":"flat_fee","restrictions":false,"min":0,"max":0,"options":[{"label":"Agregar monogram (personalizaci\u00f3n)","price":"0","price_type":"flat_fee","image":0}],"id":1692882220},{"name":"Ingresa tus iniciales","type":"custom_text","position":1,"required":false,"title_format":"label","description_enable":true,"description":"Ingresa m\u00e1ximo X caracteres","placeholder_enable":false,"placeholder":"","display":"select","restrictions_type":"any_text","adjust_price":false,"price":"","price_type":"flat_fee","restrictions":false,"min":0,"max":0,"options":[],"id":1692882221}],"acf":[],"_links":{"self":[{"href":"https:\/\/gabuteau.com\/es\/wp-json\/wp\/v2\/product\/2818","targetHints":{"allow":["GET"]}}],"collection":[{"href":"https:\/\/gabuteau.com\/es\/wp-json\/wp\/v2\/product"}],"about":[{"href":"https:\/\/gabuteau.com\/es\/wp-json\/wp\/v2\/types\/product"}],"wp:featuredmedia":[{"embeddable":true,"href":"https:\/\/gabuteau.com\/es\/wp-json\/wp\/v2\/media\/27389"}],"wp:attachment":[{"href":"https:\/\/gabuteau.com\/es\/wp-json\/wp\/v2\/media?parent=2818"}],"wp:term":[{"taxonomy":"product_cat","embeddable":true,"href":"https:\/\/gabuteau.com\/es\/wp-json\/wp\/v2\/product_cat?post=2818"},{"taxonomy":"product_tag","embeddable":true,"href":"https:\/\/gabuteau.com\/es\/wp-json\/wp\/v2\/product_tag?post=2818"}],"curies":[{"name":"wp","href":"https:\/\/api.w.org\/{rel}","templated":true}]}}