{"id":2839,"date":"2022-07-25T16:24:21","date_gmt":"2022-07-25T21:24:21","guid":{"rendered":"http:\/\/qa.gabuteau.com\/product\/bm-108\/"},"modified":"2024-11-14T12:44:20","modified_gmt":"2024-11-14T17:44:20","slug":"bm-108","status":"publish","type":"product","link":"https:\/\/gabuteau.com\/es\/producto\/mujer\/billeteras-2\/billeteras\/bm-108\/","title":{"rendered":"Billetera BM 108"},"content":{"rendered":"<p>x<\/p>\n","protected":false},"excerpt":{"rendered":"<p>Billetera compacta con cierre magn\u00e9tico. Estilo trifold, compartimento con cierre met\u00e1lico interno para guardar monedas \u00f3 billetes ocultos.<\/p>\n<ul>\n<li>Siete ranuras para tarjetas de cr\u00e9dito.<\/li>\n<li>Una ranura para documentos.<\/li>\n<li>Bordes lijados a mano.<\/li>\n<\/ul>\n","protected":false},"featured_media":3451,"template":"","meta":{"_acf_changed":false,"inline_featured_image":false},"product_cat":[83],"product_tag":[209],"class_list":{"0":"post-2839","1":"product","2":"type-product","3":"status-publish","4":"has-post-thumbnail","6":"product_cat-billeteras","7":"product_tag-simplicidad","9":"first","10":"outofstock","11":"product-type-variable","12":"has-default-attributes"},"exclude_global_add_ons":[],"addons":[],"acf":[],"_links":{"self":[{"href":"https:\/\/gabuteau.com\/es\/wp-json\/wp\/v2\/product\/2839","targetHints":{"allow":["GET"]}}],"collection":[{"href":"https:\/\/gabuteau.com\/es\/wp-json\/wp\/v2\/product"}],"about":[{"href":"https:\/\/gabuteau.com\/es\/wp-json\/wp\/v2\/types\/product"}],"wp:featuredmedia":[{"embeddable":true,"href":"https:\/\/gabuteau.com\/es\/wp-json\/wp\/v2\/media\/3451"}],"wp:attachment":[{"href":"https:\/\/gabuteau.com\/es\/wp-json\/wp\/v2\/media?parent=2839"}],"wp:term":[{"taxonomy":"product_cat","embeddable":true,"href":"https:\/\/gabuteau.com\/es\/wp-json\/wp\/v2\/product_cat?post=2839"},{"taxonomy":"product_tag","embeddable":true,"href":"https:\/\/gabuteau.com\/es\/wp-json\/wp\/v2\/product_tag?post=2839"}],"curies":[{"name":"wp","href":"https:\/\/api.w.org\/{rel}","templated":true}]}}