{"id":28533,"date":"2024-02-28T12:03:17","date_gmt":"2024-02-28T17:03:17","guid":{"rendered":"https:\/\/gabuteau.com\/?post_type=product&#038;p=28533"},"modified":"2026-04-18T00:28:33","modified_gmt":"2026-04-18T05:28:33","slug":"cecile","status":"publish","type":"product","link":"https:\/\/gabuteau.com\/es\/producto\/mujer\/bolsos\/mochilas\/cecile\/","title":{"rendered":"CECILE"},"content":{"rendered":"<p>&nbsp;<\/p>\n","protected":false},"excerpt":{"rendered":"<p>Inspirada en nuestra bucket. Seguridad, practicidad y minimalismo es lo que evoca la mochila Cecile. Tiene el tama\u00f1o ideal para llevar tus pertenencias de forma c\u00f3moda d\u00e1ndole un look especial a los outfits.<\/p>\n<ul>\n<li>Asa regulable<\/li>\n<li>Para llevarla en la espalda<\/li>\n<li>Cierre con cord\u00f3n de cuero<\/li>\n<\/ul>\n","protected":false},"featured_media":28531,"template":"","meta":{"_acf_changed":false,"inline_featured_image":false},"product_cat":[979,77],"product_tag":[],"class_list":{"0":"post-28533","1":"product","2":"type-product","3":"status-publish","4":"has-post-thumbnail","6":"product_cat-mochilas-canguros","7":"product_cat-mochilas","9":"first","10":"instock","11":"taxable","12":"shipping-taxable","13":"purchasable","14":"product-type-variable","15":"has-default-attributes"},"exclude_global_add_ons":[],"addons":[],"acf":[],"_links":{"self":[{"href":"https:\/\/gabuteau.com\/es\/wp-json\/wp\/v2\/product\/28533","targetHints":{"allow":["GET"]}}],"collection":[{"href":"https:\/\/gabuteau.com\/es\/wp-json\/wp\/v2\/product"}],"about":[{"href":"https:\/\/gabuteau.com\/es\/wp-json\/wp\/v2\/types\/product"}],"wp:featuredmedia":[{"embeddable":true,"href":"https:\/\/gabuteau.com\/es\/wp-json\/wp\/v2\/media\/28531"}],"wp:attachment":[{"href":"https:\/\/gabuteau.com\/es\/wp-json\/wp\/v2\/media?parent=28533"}],"wp:term":[{"taxonomy":"product_cat","embeddable":true,"href":"https:\/\/gabuteau.com\/es\/wp-json\/wp\/v2\/product_cat?post=28533"},{"taxonomy":"product_tag","embeddable":true,"href":"https:\/\/gabuteau.com\/es\/wp-json\/wp\/v2\/product_tag?post=28533"}],"curies":[{"name":"wp","href":"https:\/\/api.w.org\/{rel}","templated":true}]}}