{"id":2857,"date":"2022-07-25T16:24:42","date_gmt":"2022-07-25T21:24:42","guid":{"rendered":"http:\/\/qa.gabuteau.com\/product\/bm-112\/"},"modified":"2026-01-22T11:32:53","modified_gmt":"2026-01-22T16:32:53","slug":"bm-112","status":"publish","type":"product","link":"https:\/\/gabuteau.com\/es\/producto\/mujer\/billeteras-2\/billeteras\/bm-112\/","title":{"rendered":"Billetera BM 112"},"content":{"rendered":"<p>x<\/p>\n","protected":false},"excerpt":{"rendered":"<p>Billetera con cierre magn\u00e9tico, de silueta geom\u00e9trica, acentuada por sus bordes en gamuza , al mismo tono del color del cuero. Luce bien en conjunto con el bolso Avril \u00f3 el bolso de mano Gabrielle.<\/p>\n<ul>\n<li>Bordes lijados a mano.<\/li>\n<li>Dos compartimentos extensibles, separados por un bolsillo al medio con cierre met\u00e1lico.<\/li>\n<li>Seis ranuras para tarjetas de cr\u00e9dito.<\/li>\n<\/ul>\n","protected":false},"featured_media":5338,"template":"","meta":{"_acf_changed":false,"inline_featured_image":false},"product_cat":[83],"product_tag":[209],"class_list":{"0":"post-2857","1":"product","2":"type-product","3":"status-publish","4":"has-post-thumbnail","6":"product_cat-billeteras","7":"product_tag-simplicidad","9":"first","10":"outofstock","11":"product-type-variable","12":"has-default-attributes"},"exclude_global_add_ons":[],"addons":[],"acf":[],"_links":{"self":[{"href":"https:\/\/gabuteau.com\/es\/wp-json\/wp\/v2\/product\/2857","targetHints":{"allow":["GET"]}}],"collection":[{"href":"https:\/\/gabuteau.com\/es\/wp-json\/wp\/v2\/product"}],"about":[{"href":"https:\/\/gabuteau.com\/es\/wp-json\/wp\/v2\/types\/product"}],"wp:featuredmedia":[{"embeddable":true,"href":"https:\/\/gabuteau.com\/es\/wp-json\/wp\/v2\/media\/5338"}],"wp:attachment":[{"href":"https:\/\/gabuteau.com\/es\/wp-json\/wp\/v2\/media?parent=2857"}],"wp:term":[{"taxonomy":"product_cat","embeddable":true,"href":"https:\/\/gabuteau.com\/es\/wp-json\/wp\/v2\/product_cat?post=2857"},{"taxonomy":"product_tag","embeddable":true,"href":"https:\/\/gabuteau.com\/es\/wp-json\/wp\/v2\/product_tag?post=2857"}],"curies":[{"name":"wp","href":"https:\/\/api.w.org\/{rel}","templated":true}]}}