{"id":2869,"date":"2022-07-25T16:24:42","date_gmt":"2022-07-25T21:24:42","guid":{"rendered":"http:\/\/qa.gabuteau.com\/product\/bm-115\/"},"modified":"2024-12-27T18:03:51","modified_gmt":"2024-12-27T23:03:51","slug":"bm-115","status":"publish","type":"product","link":"https:\/\/gabuteau.com\/es\/producto\/mujer\/billeteras-2\/billeteras\/bm-115\/","title":{"rendered":"Billetera BM 115"},"content":{"rendered":"<p>x<\/p>\n","protected":false},"excerpt":{"rendered":"<p>Un dise\u00f1o pensado para la mujer actual, moderna, que le gusta lo limpio. Una dise\u00f1o fuera de lo com\u00fan. Dos cuerpos que van unidos a un mosquet\u00f3n, pero que puedes usarlo por separado. El cuerpo grande en su interior contiene 3 ranuras para tarjetero y en la parte posterior un bolsillo con cierre de cremallera. El bolso peque\u00f1o puedes usarlo para billetes como para monedas, los dos van cerrado con im\u00e1n.<\/p>\n","protected":false},"featured_media":3463,"template":"","meta":{"_acf_changed":false,"inline_featured_image":false},"product_cat":[72,83],"product_tag":[209],"class_list":{"0":"post-2869","1":"product","2":"type-product","3":"status-publish","4":"has-post-thumbnail","6":"product_cat-monogramming","7":"product_cat-billeteras","8":"product_tag-simplicidad","10":"first","11":"outofstock","12":"product-type-variable","13":"has-default-attributes"},"exclude_global_add_ons":false,"addons":[{"name":"Agregar monogram","type":"checkbox","position":0,"required":false,"title_format":"hide","description_enable":false,"description":"","placeholder_enable":false,"placeholder":"","display":"select","restrictions_type":"any_text","adjust_price":false,"price":"","price_type":"flat_fee","restrictions":false,"min":0,"max":0,"options":[{"label":"Agregar monogram (personalizaci\u00f3n)","price":"0","price_type":"flat_fee","image":0}],"id":1692882220},{"name":"Ingresa tus iniciales","type":"custom_text","position":1,"required":false,"title_format":"label","description_enable":true,"description":"Ingresa m\u00e1ximo X caracteres","placeholder_enable":false,"placeholder":"","display":"select","restrictions_type":"any_text","adjust_price":false,"price":"","price_type":"flat_fee","restrictions":false,"min":0,"max":0,"options":[],"id":1692882221}],"acf":[],"_links":{"self":[{"href":"https:\/\/gabuteau.com\/es\/wp-json\/wp\/v2\/product\/2869","targetHints":{"allow":["GET"]}}],"collection":[{"href":"https:\/\/gabuteau.com\/es\/wp-json\/wp\/v2\/product"}],"about":[{"href":"https:\/\/gabuteau.com\/es\/wp-json\/wp\/v2\/types\/product"}],"wp:featuredmedia":[{"embeddable":true,"href":"https:\/\/gabuteau.com\/es\/wp-json\/wp\/v2\/media\/3463"}],"wp:attachment":[{"href":"https:\/\/gabuteau.com\/es\/wp-json\/wp\/v2\/media?parent=2869"}],"wp:term":[{"taxonomy":"product_cat","embeddable":true,"href":"https:\/\/gabuteau.com\/es\/wp-json\/wp\/v2\/product_cat?post=2869"},{"taxonomy":"product_tag","embeddable":true,"href":"https:\/\/gabuteau.com\/es\/wp-json\/wp\/v2\/product_tag?post=2869"}],"curies":[{"name":"wp","href":"https:\/\/api.w.org\/{rel}","templated":true}]}}