{"id":2881,"date":"2022-07-25T16:25:05","date_gmt":"2022-07-25T21:25:05","guid":{"rendered":"http:\/\/qa.gabuteau.com\/product\/bm-121\/"},"modified":"2026-05-15T16:07:17","modified_gmt":"2026-05-15T21:07:17","slug":"bm-121","status":"publish","type":"product","link":"https:\/\/gabuteau.com\/es\/producto\/mujer\/billeteras-2\/billeteras\/bm-121\/","title":{"rendered":"Billetera BM 121"},"content":{"rendered":"<p>&nbsp;<\/p>\n","protected":false},"excerpt":{"rendered":"<p>Una de las billeteras m\u00e1s completas que tenemos. Posee 1 bolsillo en la parte frontal cerrado con un pin y otro en la parte posterior con cierre de cremallera. En su interior posee un contraste de color que la hace ver \u00fanica, es perfecta para la mujer que lleva consigo muchas tarjetas y\/o documentos. Posee seis ranuras para tarjetas de cr\u00e9dito en la parte izquierda y ocho m\u00e1s en la parte derecha. Su dise\u00f1o permite usarla de diferentes maneras; tanto vertical como horizontal. Adem\u00e1s tiene tres compartimentos para billetes. En su interior cuenta con una ranura para billetes, 5 tarjeteros y 2 compartimentos adicionales.<\/p>\n","protected":false},"featured_media":26156,"template":"","meta":{"_acf_changed":false,"inline_featured_image":false},"product_cat":[83],"product_tag":[735,73],"class_list":{"0":"post-2881","1":"product","2":"type-product","3":"status-publish","4":"has-post-thumbnail","6":"product_cat-billeteras","7":"product_tag-destino","8":"product_tag-naturalidad-2022","10":"first","11":"instock","12":"purchasable","13":"product-type-variable","14":"has-default-attributes"},"exclude_global_add_ons":[],"addons":[],"acf":[],"_links":{"self":[{"href":"https:\/\/gabuteau.com\/es\/wp-json\/wp\/v2\/product\/2881","targetHints":{"allow":["GET"]}}],"collection":[{"href":"https:\/\/gabuteau.com\/es\/wp-json\/wp\/v2\/product"}],"about":[{"href":"https:\/\/gabuteau.com\/es\/wp-json\/wp\/v2\/types\/product"}],"wp:featuredmedia":[{"embeddable":true,"href":"https:\/\/gabuteau.com\/es\/wp-json\/wp\/v2\/media\/26156"}],"wp:attachment":[{"href":"https:\/\/gabuteau.com\/es\/wp-json\/wp\/v2\/media?parent=2881"}],"wp:term":[{"taxonomy":"product_cat","embeddable":true,"href":"https:\/\/gabuteau.com\/es\/wp-json\/wp\/v2\/product_cat?post=2881"},{"taxonomy":"product_tag","embeddable":true,"href":"https:\/\/gabuteau.com\/es\/wp-json\/wp\/v2\/product_tag?post=2881"}],"curies":[{"name":"wp","href":"https:\/\/api.w.org\/{rel}","templated":true}]}}