{"id":2883,"date":"2022-07-25T16:25:05","date_gmt":"2022-07-25T21:25:05","guid":{"rendered":"http:\/\/qa.gabuteau.com\/product\/bm-122\/"},"modified":"2026-05-15T16:09:01","modified_gmt":"2026-05-15T21:09:01","slug":"bm-122","status":"publish","type":"product","link":"https:\/\/gabuteau.com\/es\/producto\/mujer\/billeteras-2\/billeteras\/bm-122\/","title":{"rendered":"Billetera BM 122"},"content":{"rendered":"<p>&nbsp;<\/p>\n","protected":false},"excerpt":{"rendered":"<p>Un dise\u00f1o pensado para la mujer actual, moderna, que le gusta lo limpio. Un dise\u00f1o fuera de lo com\u00fan. Dos cuerpos que van unidos con un mosquet\u00f3n, pero que puedes usarlo por separado. El cuerpo grande en su interior contiene 3 ranuras para tarjetero y en la parte posterior un bolsillo con cierre de cremallera. El bolso peque\u00f1o puedes usarlo para billetes como para monedas, los dos van cerrado con im\u00e1n.<\/p>\n","protected":false},"featured_media":30723,"template":"","meta":{"_acf_changed":false,"inline_featured_image":false},"product_cat":[83],"product_tag":[211,848],"class_list":{"0":"post-2883","1":"product","2":"type-product","3":"status-publish","4":"has-post-thumbnail","6":"product_cat-billeteras","7":"product_tag-esta-bien","8":"product_tag-raices","10":"first","11":"onbackorder","12":"purchasable","13":"product-type-variable","14":"has-default-attributes"},"exclude_global_add_ons":[],"addons":[],"acf":[],"_links":{"self":[{"href":"https:\/\/gabuteau.com\/es\/wp-json\/wp\/v2\/product\/2883","targetHints":{"allow":["GET"]}}],"collection":[{"href":"https:\/\/gabuteau.com\/es\/wp-json\/wp\/v2\/product"}],"about":[{"href":"https:\/\/gabuteau.com\/es\/wp-json\/wp\/v2\/types\/product"}],"wp:featuredmedia":[{"embeddable":true,"href":"https:\/\/gabuteau.com\/es\/wp-json\/wp\/v2\/media\/30723"}],"wp:attachment":[{"href":"https:\/\/gabuteau.com\/es\/wp-json\/wp\/v2\/media?parent=2883"}],"wp:term":[{"taxonomy":"product_cat","embeddable":true,"href":"https:\/\/gabuteau.com\/es\/wp-json\/wp\/v2\/product_cat?post=2883"},{"taxonomy":"product_tag","embeddable":true,"href":"https:\/\/gabuteau.com\/es\/wp-json\/wp\/v2\/product_tag?post=2883"}],"curies":[{"name":"wp","href":"https:\/\/api.w.org\/{rel}","templated":true}]}}