{"id":2923,"date":"2022-07-25T16:25:47","date_gmt":"2022-07-25T21:25:47","guid":{"rendered":"http:\/\/qa.gabuteau.com\/product\/celine\/"},"modified":"2025-12-22T12:28:53","modified_gmt":"2025-12-22T17:28:53","slug":"celine","status":"publish","type":"product","link":"https:\/\/gabuteau.com\/es\/producto\/mujer\/bolsos\/canguros\/celine\/","title":{"rendered":"CELINE"},"content":{"rendered":"<p>x<\/p>\n","protected":false},"excerpt":{"rendered":"<p>Este canguro tiene un gran trabajo detr\u00e1s, su cuerpo se compone s\u00f3lo de dos piezas. (Adem\u00e1s de la correa por supuesto). El ser trabajado al corte lo vuelve en un proceso de pintura m\u00e1s minucioso a\u00fan, pero de eso se trata\u2026 de disfrutar el proceso.<\/p>\n<ul>\n<li>Para llevarlo a la cintura \u00f3 cadera.<\/li>\n<li>Cierre met\u00e1lico.<\/li>\n<li>Correa ajustable.<\/li>\n<li>Bolsillo interno.<\/li>\n<li>Interior de cuero.<\/li>\n<\/ul>\n","protected":false},"featured_media":6544,"template":"","meta":{"_acf_changed":false,"inline_featured_image":false},"product_cat":[979,72,74],"product_tag":[209],"class_list":{"0":"post-2923","1":"product","2":"type-product","3":"status-publish","4":"has-post-thumbnail","6":"product_cat-mochilas-canguros","7":"product_cat-monogramming","8":"product_cat-canguros","9":"product_tag-simplicidad","11":"first","12":"outofstock","13":"product-type-variable","14":"has-default-attributes"},"exclude_global_add_ons":false,"addons":[{"name":"Agregar monogram","type":"checkbox","position":0,"required":false,"title_format":"hide","description_enable":false,"description":"","placeholder_enable":false,"placeholder":"","display":"select","restrictions_type":"any_text","adjust_price":false,"price":"","price_type":"flat_fee","restrictions":false,"min":0,"max":0,"options":[{"label":"Agregar monogram (personalizaci\u00f3n)","price":"0","price_type":"flat_fee","image":0}],"id":1692882220},{"name":"Ingresa tus iniciales","type":"custom_text","position":1,"required":false,"title_format":"label","description_enable":true,"description":"Ingresa m\u00e1ximo X caracteres","placeholder_enable":false,"placeholder":"","display":"select","restrictions_type":"any_text","adjust_price":false,"price":"","price_type":"flat_fee","restrictions":false,"min":0,"max":0,"options":[],"id":1692882221}],"acf":[],"_links":{"self":[{"href":"https:\/\/gabuteau.com\/es\/wp-json\/wp\/v2\/product\/2923","targetHints":{"allow":["GET"]}}],"collection":[{"href":"https:\/\/gabuteau.com\/es\/wp-json\/wp\/v2\/product"}],"about":[{"href":"https:\/\/gabuteau.com\/es\/wp-json\/wp\/v2\/types\/product"}],"wp:featuredmedia":[{"embeddable":true,"href":"https:\/\/gabuteau.com\/es\/wp-json\/wp\/v2\/media\/6544"}],"wp:attachment":[{"href":"https:\/\/gabuteau.com\/es\/wp-json\/wp\/v2\/media?parent=2923"}],"wp:term":[{"taxonomy":"product_cat","embeddable":true,"href":"https:\/\/gabuteau.com\/es\/wp-json\/wp\/v2\/product_cat?post=2923"},{"taxonomy":"product_tag","embeddable":true,"href":"https:\/\/gabuteau.com\/es\/wp-json\/wp\/v2\/product_tag?post=2923"}],"curies":[{"name":"wp","href":"https:\/\/api.w.org\/{rel}","templated":true}]}}