{"id":29257,"date":"2024-05-16T22:09:56","date_gmt":"2024-05-17T03:09:56","guid":{"rendered":"https:\/\/gabuteau.com\/?post_type=product&#038;p=29257"},"modified":"2025-03-06T21:14:36","modified_gmt":"2025-03-07T02:14:36","slug":"anais-xl","status":"publish","type":"product","link":"https:\/\/gabuteau.com\/es\/producto\/noe-bernacelli\/anais-xl\/","title":{"rendered":"ANAIS XL"},"content":{"rendered":"<p>&nbsp;<\/p>\n","protected":false},"excerpt":{"rendered":"<p>Descubre la elegancia y funcionalidad con el bolso Anais XL. Su dise\u00f1o minimalista se adapta a cualquier ocasi\u00f3n gracias a un pin met\u00e1lico que permite cambiar su estilo al instante de un espacioso bolso de hombro a un elegant\u00edsimo bolso de mano. Desde el d\u00eda hasta la noche, este bolso tan vers\u00e1til es la elecci\u00f3n perfecta para destacar tu estilo.<\/p>\n<ul>\n<li>Cierre met\u00e1lico<\/li>\n<li>Bolsillo interno<\/li>\n<li>Interior de tela<\/li>\n<li>Acabados al corte y bordes pintados a mano.<\/li>\n<li>2 tipos de uso<\/li>\n<\/ul>\n","protected":false},"featured_media":29228,"template":"","meta":{"_acf_changed":false,"inline_featured_image":false},"product_cat":[703],"product_tag":[],"class_list":{"0":"post-29257","1":"product","2":"type-product","3":"status-publish","4":"has-post-thumbnail","6":"product_cat-noe-bernacelli","8":"first","9":"outofstock","10":"sold-individually","11":"taxable","12":"shipping-taxable","13":"product-type-variable","14":"has-default-attributes"},"exclude_global_add_ons":[],"addons":[],"acf":[],"_links":{"self":[{"href":"https:\/\/gabuteau.com\/es\/wp-json\/wp\/v2\/product\/29257","targetHints":{"allow":["GET"]}}],"collection":[{"href":"https:\/\/gabuteau.com\/es\/wp-json\/wp\/v2\/product"}],"about":[{"href":"https:\/\/gabuteau.com\/es\/wp-json\/wp\/v2\/types\/product"}],"wp:featuredmedia":[{"embeddable":true,"href":"https:\/\/gabuteau.com\/es\/wp-json\/wp\/v2\/media\/29228"}],"wp:attachment":[{"href":"https:\/\/gabuteau.com\/es\/wp-json\/wp\/v2\/media?parent=29257"}],"wp:term":[{"taxonomy":"product_cat","embeddable":true,"href":"https:\/\/gabuteau.com\/es\/wp-json\/wp\/v2\/product_cat?post=29257"},{"taxonomy":"product_tag","embeddable":true,"href":"https:\/\/gabuteau.com\/es\/wp-json\/wp\/v2\/product_tag?post=29257"}],"curies":[{"name":"wp","href":"https:\/\/api.w.org\/{rel}","templated":true}]}}