{"id":2932,"date":"2022-07-25T16:25:47","date_gmt":"2022-07-25T21:25:47","guid":{"rendered":"http:\/\/qa.gabuteau.com\/product\/chiara\/"},"modified":"2026-04-24T17:10:30","modified_gmt":"2026-04-24T22:10:30","slug":"chiara","status":"publish","type":"product","link":"https:\/\/gabuteau.com\/es\/producto\/mujer\/bolsos\/clutch\/chiara\/","title":{"rendered":"CHIARA"},"content":{"rendered":"<p>&nbsp;<\/p>\n<div id=\"lt-accessibility-devtools\" aria-hidden=\"true\"><\/div>\n","protected":false},"excerpt":{"rendered":"<p>Naturalmente divertido y sobrio al mismo tiempo. Este bolso de mano inspir\u00f3 la creaci\u00f3n de nuestra l\u00ednea gr\u00e1fica, y fue un punto de partida para poder seguir imaginando. Hicimos una fusi\u00f3n con una esfera de madera, d\u00e1ndole as\u00ed un toque inusual que lo convierte en una pieza muy particular. Bordes lijados y pintados a mano.<\/p>\n<ul>\n<li>Para llevarlo en la mano.<\/li>\n<li>Bolsillo interno con cierre magn\u00e9tico.<\/li>\n<li>Divisi\u00f3n para billetes.<\/li>\n<li>Ranuras interiores para tarjetas de cr\u00e9dito.<\/li>\n<\/ul>\n<div id=\"lt-accessibility-devtools\" aria-hidden=\"true\"><\/div>\n","protected":false},"featured_media":25398,"template":"","meta":{"_acf_changed":false,"inline_featured_image":false},"product_cat":[977,78],"product_tag":[735,287,211,906,73,848,209],"class_list":{"0":"post-2932","1":"product","2":"type-product","3":"status-publish","4":"has-post-thumbnail","6":"product_cat-clutches-de-mano","7":"product_cat-clutch","8":"product_tag-destino","9":"product_tag-era","10":"product_tag-esta-bien","11":"product_tag-libertad","12":"product_tag-naturalidad-2022","13":"product_tag-raices","14":"product_tag-simplicidad","16":"first","17":"instock","18":"purchasable","19":"product-type-variable","20":"has-default-attributes"},"exclude_global_add_ons":[],"addons":[],"acf":[],"_links":{"self":[{"href":"https:\/\/gabuteau.com\/es\/wp-json\/wp\/v2\/product\/2932","targetHints":{"allow":["GET"]}}],"collection":[{"href":"https:\/\/gabuteau.com\/es\/wp-json\/wp\/v2\/product"}],"about":[{"href":"https:\/\/gabuteau.com\/es\/wp-json\/wp\/v2\/types\/product"}],"wp:featuredmedia":[{"embeddable":true,"href":"https:\/\/gabuteau.com\/es\/wp-json\/wp\/v2\/media\/25398"}],"wp:attachment":[{"href":"https:\/\/gabuteau.com\/es\/wp-json\/wp\/v2\/media?parent=2932"}],"wp:term":[{"taxonomy":"product_cat","embeddable":true,"href":"https:\/\/gabuteau.com\/es\/wp-json\/wp\/v2\/product_cat?post=2932"},{"taxonomy":"product_tag","embeddable":true,"href":"https:\/\/gabuteau.com\/es\/wp-json\/wp\/v2\/product_tag?post=2932"}],"curies":[{"name":"wp","href":"https:\/\/api.w.org\/{rel}","templated":true}]}}