{"id":29502,"date":"2024-05-23T12:52:21","date_gmt":"2024-05-23T17:52:21","guid":{"rendered":"https:\/\/gabuteau.com\/?post_type=product&#038;p=29502"},"modified":"2026-04-24T17:08:39","modified_gmt":"2026-04-24T22:08:39","slug":"anette","status":"publish","type":"product","link":"https:\/\/gabuteau.com\/es\/producto\/mujer\/bolsos\/de-hombro\/anette\/","title":{"rendered":"ANETTE"},"content":{"rendered":"<p>x<\/p>\n","protected":false},"excerpt":{"rendered":"<p>Anette \u00fanica y diferente, con su combinaci\u00f3n geom\u00e9trica que la caracteriza esta lista para que seas el centro de atencion a donde vayas.<\/p>\n<ul>\n<li>Acabados al corte y bordes pintado a mano.<\/li>\n<li>Cierre met\u00e1lico<\/li>\n<li>Interior de tela<\/li>\n<li>Bolsillo interno<\/li>\n<\/ul>\n","protected":false},"featured_media":30128,"template":"","meta":{"_acf_changed":false,"inline_featured_image":false},"product_cat":[227],"product_tag":[848],"class_list":{"0":"post-29502","1":"product","2":"type-product","3":"status-publish","4":"has-post-thumbnail","6":"product_cat-de-hombro","7":"product_tag-raices","9":"first","10":"instock","11":"purchasable","12":"product-type-variable","13":"has-default-attributes"},"exclude_global_add_ons":[],"addons":[],"acf":[],"_links":{"self":[{"href":"https:\/\/gabuteau.com\/es\/wp-json\/wp\/v2\/product\/29502","targetHints":{"allow":["GET"]}}],"collection":[{"href":"https:\/\/gabuteau.com\/es\/wp-json\/wp\/v2\/product"}],"about":[{"href":"https:\/\/gabuteau.com\/es\/wp-json\/wp\/v2\/types\/product"}],"wp:featuredmedia":[{"embeddable":true,"href":"https:\/\/gabuteau.com\/es\/wp-json\/wp\/v2\/media\/30128"}],"wp:attachment":[{"href":"https:\/\/gabuteau.com\/es\/wp-json\/wp\/v2\/media?parent=29502"}],"wp:term":[{"taxonomy":"product_cat","embeddable":true,"href":"https:\/\/gabuteau.com\/es\/wp-json\/wp\/v2\/product_cat?post=29502"},{"taxonomy":"product_tag","embeddable":true,"href":"https:\/\/gabuteau.com\/es\/wp-json\/wp\/v2\/product_tag?post=29502"}],"curies":[{"name":"wp","href":"https:\/\/api.w.org\/{rel}","templated":true}]}}