{"id":29509,"date":"2024-05-23T12:52:21","date_gmt":"2024-05-23T17:52:21","guid":{"rendered":"https:\/\/gabuteau.com\/?post_type=product&#038;p=29509"},"modified":"2026-04-10T18:07:55","modified_gmt":"2026-04-10T23:07:55","slug":"bastiane","status":"publish","type":"product","link":"https:\/\/gabuteau.com\/es\/producto\/hombre\/bolsos-hombre\/canguros-2\/bastiane\/","title":{"rendered":"BASTIANE"},"content":{"rendered":"<p>&nbsp;<\/p>\n","protected":false},"excerpt":{"rendered":"<p>Estilo y practicidad es lo que evoca el canguro \u00abBastiane. De la forma m\u00e1s sofisticada ofrece una soluci\u00f3n elegante para llevar tus pertenencias diarias de manera c\u00f3moda.<\/p>\n<ul>\n<li>Correa regulable y extra\u00edble<\/li>\n<li>Acabados doblados<\/li>\n<li>Interior de tela<\/li>\n<li>Personalizado \/ Monogram<\/li>\n<\/ul>\n","protected":false},"featured_media":30178,"template":"","meta":{"_acf_changed":false,"inline_featured_image":false},"product_cat":[816,72],"product_tag":[848],"class_list":{"0":"post-29509","1":"product","2":"type-product","3":"status-publish","4":"has-post-thumbnail","6":"product_cat-canguros-2","7":"product_cat-monogramming","8":"product_tag-raices","10":"first","11":"instock","12":"purchasable","13":"product-type-variable","14":"has-default-attributes"},"exclude_global_add_ons":false,"addons":[{"name":"Agregar monogram","type":"checkbox","position":0,"required":false,"title_format":"hide","description_enable":false,"description":"","placeholder_enable":false,"placeholder":"","display":"select","restrictions_type":"any_text","adjust_price":false,"price":"","price_type":"flat_fee","restrictions":false,"min":0,"max":0,"options":[{"label":"Agregar monogram (personalizaci\u00f3n)","price":"0","price_type":"flat_fee","image":0}],"id":1692882220},{"name":"Ingresa tus iniciales","type":"custom_text","position":1,"required":false,"title_format":"label","description_enable":true,"description":"Ingresa m\u00e1ximo X caracteres","placeholder_enable":false,"placeholder":"","display":"select","restrictions_type":"any_text","adjust_price":false,"price":"","price_type":"flat_fee","restrictions":false,"min":0,"max":0,"options":[],"id":1692882221}],"acf":[],"_links":{"self":[{"href":"https:\/\/gabuteau.com\/es\/wp-json\/wp\/v2\/product\/29509","targetHints":{"allow":["GET"]}}],"collection":[{"href":"https:\/\/gabuteau.com\/es\/wp-json\/wp\/v2\/product"}],"about":[{"href":"https:\/\/gabuteau.com\/es\/wp-json\/wp\/v2\/types\/product"}],"wp:featuredmedia":[{"embeddable":true,"href":"https:\/\/gabuteau.com\/es\/wp-json\/wp\/v2\/media\/30178"}],"wp:attachment":[{"href":"https:\/\/gabuteau.com\/es\/wp-json\/wp\/v2\/media?parent=29509"}],"wp:term":[{"taxonomy":"product_cat","embeddable":true,"href":"https:\/\/gabuteau.com\/es\/wp-json\/wp\/v2\/product_cat?post=29509"},{"taxonomy":"product_tag","embeddable":true,"href":"https:\/\/gabuteau.com\/es\/wp-json\/wp\/v2\/product_tag?post=29509"}],"curies":[{"name":"wp","href":"https:\/\/api.w.org\/{rel}","templated":true}]}}