{"id":29525,"date":"2024-05-23T12:53:15","date_gmt":"2024-05-23T17:53:15","guid":{"rendered":"https:\/\/gabuteau.com\/?post_type=product&#038;p=29525"},"modified":"2026-04-16T12:22:32","modified_gmt":"2026-04-16T17:22:32","slug":"billetera-bm-129","status":"publish","type":"product","link":"https:\/\/gabuteau.com\/es\/producto\/mujer\/billeteras-2\/billeteras\/billetera-bm-129\/","title":{"rendered":"Billetera BM 129"},"content":{"rendered":"<p>x<\/p>\n","protected":false},"excerpt":{"rendered":"<p>BM 129 es una billetera con dise\u00f1o trifold, totalmente sofisticada y funcional. Ofrece m\u00faltiples compartimientos para tarjetas, billetes y un monedero con tapa asim\u00e9trica d\u00e1ndole as\u00ed un toque innovador.<\/p>\n<ul>\n<li>Acabados al corte y bordes pintados a mano.<\/li>\n<li>Monedero interno<\/li>\n<li>Capacidad para billetes de Euro<\/li>\n<li>Capacidad para 6 tarjetas<\/li>\n<li>Personalizado \/ Monogram<\/li>\n<\/ul>\n","protected":false},"featured_media":31315,"template":"","meta":{"_acf_changed":false,"inline_featured_image":false},"product_cat":[72,83],"product_tag":[848],"class_list":{"0":"post-29525","1":"product","2":"type-product","3":"status-publish","4":"has-post-thumbnail","6":"product_cat-monogramming","7":"product_cat-billeteras","8":"product_tag-raices","10":"first","11":"instock","12":"purchasable","13":"product-type-variable","14":"has-default-attributes"},"exclude_global_add_ons":false,"addons":[{"name":"Agregar monogram","type":"checkbox","position":0,"required":false,"title_format":"hide","description_enable":false,"description":"","placeholder_enable":false,"placeholder":"","display":"select","restrictions_type":"any_text","adjust_price":false,"price":"","price_type":"flat_fee","restrictions":false,"min":0,"max":0,"options":[{"label":"Agregar monogram (personalizaci\u00f3n)","price":"0","price_type":"flat_fee","image":0}],"id":1692882220},{"name":"Ingresa tus iniciales","type":"custom_text","position":1,"required":false,"title_format":"label","description_enable":true,"description":"Ingresa m\u00e1ximo X caracteres","placeholder_enable":false,"placeholder":"","display":"select","restrictions_type":"any_text","adjust_price":false,"price":"","price_type":"flat_fee","restrictions":false,"min":0,"max":0,"options":[],"id":1692882221}],"acf":[],"_links":{"self":[{"href":"https:\/\/gabuteau.com\/es\/wp-json\/wp\/v2\/product\/29525","targetHints":{"allow":["GET"]}}],"collection":[{"href":"https:\/\/gabuteau.com\/es\/wp-json\/wp\/v2\/product"}],"about":[{"href":"https:\/\/gabuteau.com\/es\/wp-json\/wp\/v2\/types\/product"}],"wp:featuredmedia":[{"embeddable":true,"href":"https:\/\/gabuteau.com\/es\/wp-json\/wp\/v2\/media\/31315"}],"wp:attachment":[{"href":"https:\/\/gabuteau.com\/es\/wp-json\/wp\/v2\/media?parent=29525"}],"wp:term":[{"taxonomy":"product_cat","embeddable":true,"href":"https:\/\/gabuteau.com\/es\/wp-json\/wp\/v2\/product_cat?post=29525"},{"taxonomy":"product_tag","embeddable":true,"href":"https:\/\/gabuteau.com\/es\/wp-json\/wp\/v2\/product_tag?post=29525"}],"curies":[{"name":"wp","href":"https:\/\/api.w.org\/{rel}","templated":true}]}}