{"id":29536,"date":"2024-05-23T12:53:15","date_gmt":"2024-05-23T17:53:15","guid":{"rendered":"https:\/\/gabuteau.com\/?post_type=product&#038;p=29536"},"modified":"2026-03-28T08:19:56","modified_gmt":"2026-03-28T13:19:56","slug":"eva","status":"publish","type":"product","link":"https:\/\/gabuteau.com\/es\/producto\/mujer\/bolsos\/clutch\/eva\/","title":{"rendered":"EVA"},"content":{"rendered":"<p>&nbsp;<\/p>\n","protected":false},"excerpt":{"rendered":"<p>\u00abEva\u00bb combina elegancia y funcionalidad en un dise\u00f1o compacto. Con l\u00edneas geom\u00e9trias y minimalistas, ser\u00e1 tu aliado para todo tipo de ocasi\u00f3n , a\u00f1adiendo un toque moderno a tu look.<\/p>\n<ul>\n<li>Tarjetero Interno<\/li>\n<li>Acabados al corte y bordes pintados a mano.<\/li>\n<\/ul>\n","protected":false},"featured_media":30079,"template":"","meta":{"_acf_changed":false,"inline_featured_image":false},"product_cat":[977,78],"product_tag":[848],"class_list":{"0":"post-29536","1":"product","2":"type-product","3":"status-publish","4":"has-post-thumbnail","6":"product_cat-clutches-de-mano","7":"product_cat-clutch","8":"product_tag-raices","10":"first","11":"instock","12":"purchasable","13":"product-type-variable","14":"has-default-attributes"},"exclude_global_add_ons":[],"addons":[],"acf":[],"_links":{"self":[{"href":"https:\/\/gabuteau.com\/es\/wp-json\/wp\/v2\/product\/29536","targetHints":{"allow":["GET"]}}],"collection":[{"href":"https:\/\/gabuteau.com\/es\/wp-json\/wp\/v2\/product"}],"about":[{"href":"https:\/\/gabuteau.com\/es\/wp-json\/wp\/v2\/types\/product"}],"wp:featuredmedia":[{"embeddable":true,"href":"https:\/\/gabuteau.com\/es\/wp-json\/wp\/v2\/media\/30079"}],"wp:attachment":[{"href":"https:\/\/gabuteau.com\/es\/wp-json\/wp\/v2\/media?parent=29536"}],"wp:term":[{"taxonomy":"product_cat","embeddable":true,"href":"https:\/\/gabuteau.com\/es\/wp-json\/wp\/v2\/product_cat?post=29536"},{"taxonomy":"product_tag","embeddable":true,"href":"https:\/\/gabuteau.com\/es\/wp-json\/wp\/v2\/product_tag?post=29536"}],"curies":[{"name":"wp","href":"https:\/\/api.w.org\/{rel}","templated":true}]}}