{"id":29563,"date":"2024-05-23T12:55:21","date_gmt":"2024-05-23T17:55:21","guid":{"rendered":"https:\/\/gabuteau.com\/?post_type=product&#038;p=29563"},"modified":"2026-04-10T18:09:18","modified_gmt":"2026-04-10T23:09:18","slug":"porta-lente-plm-104","status":"publish","type":"product","link":"https:\/\/gabuteau.com\/es\/producto\/mujer\/accesorios\/porta-lentes\/porta-lente-plm-104\/","title":{"rendered":"Porta lente PLM 104"},"content":{"rendered":"<p>&nbsp;<\/p>\n","protected":false},"excerpt":{"rendered":"<p>Con dise\u00f1o redondeado y minimalista, el PLM 104 ser\u00e1 tu accesorio ideal para portar lentes de Sol \u00f3 de medida. Con una abertura simple que permite un acceso m\u00e1s r\u00e1pido y f\u00e1cil a tus lentes. Su interior de pana protege tus lentes de ara\u00f1azos y da\u00f1os, mientras por fuera a\u00f1ade un toque sofisticado a tus esenciales diarios.<\/p>\n<ul>\n<li>Acabados al corte y bordes pintados a mano.<\/li>\n<li>Interior de pana<\/li>\n<li>Personalizado \/ Monogram<\/li>\n<\/ul>\n","protected":false},"featured_media":29863,"template":"","meta":{"_acf_changed":false,"inline_featured_image":false},"product_cat":[72,235],"product_tag":[848],"class_list":{"0":"post-29563","1":"product","2":"type-product","3":"status-publish","4":"has-post-thumbnail","6":"product_cat-monogramming","7":"product_cat-porta-lentes","8":"product_tag-raices","10":"first","11":"onbackorder","12":"purchasable","13":"product-type-variable","14":"has-default-attributes"},"exclude_global_add_ons":false,"addons":[{"name":"Agregar monogram","type":"checkbox","position":0,"required":false,"title_format":"hide","description_enable":false,"description":"","placeholder_enable":false,"placeholder":"","display":"select","restrictions_type":"any_text","adjust_price":false,"price":"","price_type":"flat_fee","restrictions":false,"min":0,"max":0,"options":[{"label":"Agregar monogram (personalizaci\u00f3n)","price":"0","price_type":"flat_fee","image":0}],"id":1692882220},{"name":"Ingresa tus iniciales","type":"custom_text","position":1,"required":false,"title_format":"label","description_enable":true,"description":"Ingresa m\u00e1ximo X caracteres","placeholder_enable":false,"placeholder":"","display":"select","restrictions_type":"any_text","adjust_price":false,"price":"","price_type":"flat_fee","restrictions":false,"min":0,"max":0,"options":[],"id":1692882221}],"acf":[],"_links":{"self":[{"href":"https:\/\/gabuteau.com\/es\/wp-json\/wp\/v2\/product\/29563","targetHints":{"allow":["GET"]}}],"collection":[{"href":"https:\/\/gabuteau.com\/es\/wp-json\/wp\/v2\/product"}],"about":[{"href":"https:\/\/gabuteau.com\/es\/wp-json\/wp\/v2\/types\/product"}],"wp:featuredmedia":[{"embeddable":true,"href":"https:\/\/gabuteau.com\/es\/wp-json\/wp\/v2\/media\/29863"}],"wp:attachment":[{"href":"https:\/\/gabuteau.com\/es\/wp-json\/wp\/v2\/media?parent=29563"}],"wp:term":[{"taxonomy":"product_cat","embeddable":true,"href":"https:\/\/gabuteau.com\/es\/wp-json\/wp\/v2\/product_cat?post=29563"},{"taxonomy":"product_tag","embeddable":true,"href":"https:\/\/gabuteau.com\/es\/wp-json\/wp\/v2\/product_tag?post=29563"}],"curies":[{"name":"wp","href":"https:\/\/api.w.org\/{rel}","templated":true}]}}