{"id":29573,"date":"2024-05-23T12:55:21","date_gmt":"2024-05-23T17:55:21","guid":{"rendered":"https:\/\/gabuteau.com\/?post_type=product&#038;p=29573"},"modified":"2026-04-18T00:29:32","modified_gmt":"2026-04-18T05:29:32","slug":"porta-pasaporte-ppu-106","status":"publish","type":"product","link":"https:\/\/gabuteau.com\/es\/producto\/mujer\/viajes-2\/porta-pasaporte-2\/porta-pasaporte-ppu-106\/","title":{"rendered":"Porta pasaporte PPU 106"},"content":{"rendered":"<p>&nbsp;<\/p>\n","protected":false},"excerpt":{"rendered":"<p>Dise\u00f1o minimalista y ligero de llevar. Ideal para llevar hasta 3 pasaportes c\u00f3modamente. Cuenta con 1 portalapicero y 1 ranura para tarjeta. Ser\u00e1 el mejor aliado para tu siguiente viaje<\/p>\n<ul>\n<li>Acabados doblados y bordes pintado a mano.<\/li>\n<li>Capacidad para 1 tarjeta<\/li>\n<li>Capacidad para 3 pasaportes<\/li>\n<li>Capacidad para 1 lapicero<\/li>\n<\/ul>\n","protected":false},"featured_media":29877,"template":"","meta":{"_acf_changed":false,"inline_featured_image":false},"product_cat":[638,88],"product_tag":[848],"class_list":{"0":"post-29573","1":"product","2":"type-product","3":"status-publish","4":"has-post-thumbnail","6":"product_cat-porta-pasaporte-2","7":"product_cat-porta-pasaporte","8":"product_tag-raices","10":"first","11":"instock","12":"purchasable","13":"product-type-variable","14":"has-default-attributes"},"exclude_global_add_ons":[],"addons":[],"acf":[],"_links":{"self":[{"href":"https:\/\/gabuteau.com\/es\/wp-json\/wp\/v2\/product\/29573","targetHints":{"allow":["GET"]}}],"collection":[{"href":"https:\/\/gabuteau.com\/es\/wp-json\/wp\/v2\/product"}],"about":[{"href":"https:\/\/gabuteau.com\/es\/wp-json\/wp\/v2\/types\/product"}],"wp:featuredmedia":[{"embeddable":true,"href":"https:\/\/gabuteau.com\/es\/wp-json\/wp\/v2\/media\/29877"}],"wp:attachment":[{"href":"https:\/\/gabuteau.com\/es\/wp-json\/wp\/v2\/media?parent=29573"}],"wp:term":[{"taxonomy":"product_cat","embeddable":true,"href":"https:\/\/gabuteau.com\/es\/wp-json\/wp\/v2\/product_cat?post=29573"},{"taxonomy":"product_tag","embeddable":true,"href":"https:\/\/gabuteau.com\/es\/wp-json\/wp\/v2\/product_tag?post=29573"}],"curies":[{"name":"wp","href":"https:\/\/api.w.org\/{rel}","templated":true}]}}