{"id":29577,"date":"2024-05-23T12:55:21","date_gmt":"2024-05-23T17:55:21","guid":{"rendered":"https:\/\/gabuteau.com\/?post_type=product&#038;p=29577"},"modified":"2026-03-28T08:20:43","modified_gmt":"2026-03-28T13:20:43","slug":"sara","status":"publish","type":"product","link":"https:\/\/gabuteau.com\/es\/producto\/mujer\/bolsos\/crossbody\/sara\/","title":{"rendered":"SARA"},"content":{"rendered":"<p>&nbsp;<\/p>\n","protected":false},"excerpt":{"rendered":"<p>El crossbody Sara tiene el tama\u00f1o ideal para usarlo tanto de d\u00eda o de noche. La silueta cil\u00edndrica y el cierre magn\u00e9tico lo hacen sofisticado sin dejar de ser pr\u00e1ctico.<\/p>\n<ul>\n<li>Acabados al corte y bordes pintado a mano.<\/li>\n<li>Cierre magn\u00e9tico<\/li>\n<li>Interior de suede<\/li>\n<li>Asa con driza<\/li>\n<\/ul>\n","protected":false},"featured_media":30142,"template":"","meta":{"_acf_changed":false,"inline_featured_image":false},"product_cat":[79],"product_tag":[848],"class_list":{"0":"post-29577","1":"product","2":"type-product","3":"status-publish","4":"has-post-thumbnail","6":"product_cat-crossbody","7":"product_tag-raices","9":"first","10":"instock","11":"purchasable","12":"product-type-variable","13":"has-default-attributes"},"exclude_global_add_ons":[],"addons":[],"acf":[],"_links":{"self":[{"href":"https:\/\/gabuteau.com\/es\/wp-json\/wp\/v2\/product\/29577","targetHints":{"allow":["GET"]}}],"collection":[{"href":"https:\/\/gabuteau.com\/es\/wp-json\/wp\/v2\/product"}],"about":[{"href":"https:\/\/gabuteau.com\/es\/wp-json\/wp\/v2\/types\/product"}],"wp:featuredmedia":[{"embeddable":true,"href":"https:\/\/gabuteau.com\/es\/wp-json\/wp\/v2\/media\/30142"}],"wp:attachment":[{"href":"https:\/\/gabuteau.com\/es\/wp-json\/wp\/v2\/media?parent=29577"}],"wp:term":[{"taxonomy":"product_cat","embeddable":true,"href":"https:\/\/gabuteau.com\/es\/wp-json\/wp\/v2\/product_cat?post=29577"},{"taxonomy":"product_tag","embeddable":true,"href":"https:\/\/gabuteau.com\/es\/wp-json\/wp\/v2\/product_tag?post=29577"}],"curies":[{"name":"wp","href":"https:\/\/api.w.org\/{rel}","templated":true}]}}