{"id":29582,"date":"2024-05-23T12:56:16","date_gmt":"2024-05-23T17:56:16","guid":{"rendered":"https:\/\/gabuteau.com\/?post_type=product&#038;p=29582"},"modified":"2026-04-24T17:09:51","modified_gmt":"2026-04-24T22:09:51","slug":"tarjetero-th-119","status":"publish","type":"product","link":"https:\/\/gabuteau.com\/es\/producto\/hombre\/billeteras-3\/tarjeteros\/tarjetero-th-119\/","title":{"rendered":"Tarjetero TH 119"},"content":{"rendered":"<p>x<\/p>\n","protected":false},"excerpt":{"rendered":"<p>TH 119 ser\u00e1 el mejor aliado para el d\u00eda a d\u00eda. Con un dise\u00f1o trifold, ofecrece espacio compacto con multiples compartimentos para llevar una gran cantidad de tarjetas y 1 mica para documentos. Su dise\u00f1o delgado y elegante lo hace ideal y pr\u00e1ctico.<\/p>\n<ul>\n<li>Acabados al corte y bordes pintados a mano.<\/li>\n<li>Mica para documentos<\/li>\n<li>Capacidad para 7 tarjetas<\/li>\n<\/ul>\n","protected":false},"featured_media":29901,"template":"","meta":{"_acf_changed":false,"inline_featured_image":false},"product_cat":[86],"product_tag":[848],"class_list":{"0":"post-29582","1":"product","2":"type-product","3":"status-publish","4":"has-post-thumbnail","6":"product_cat-tarjeteros","7":"product_tag-raices","9":"first","10":"instock","11":"purchasable","12":"product-type-variable","13":"has-default-attributes"},"exclude_global_add_ons":[],"addons":[],"acf":[],"_links":{"self":[{"href":"https:\/\/gabuteau.com\/es\/wp-json\/wp\/v2\/product\/29582","targetHints":{"allow":["GET"]}}],"collection":[{"href":"https:\/\/gabuteau.com\/es\/wp-json\/wp\/v2\/product"}],"about":[{"href":"https:\/\/gabuteau.com\/es\/wp-json\/wp\/v2\/types\/product"}],"wp:featuredmedia":[{"embeddable":true,"href":"https:\/\/gabuteau.com\/es\/wp-json\/wp\/v2\/media\/29901"}],"wp:attachment":[{"href":"https:\/\/gabuteau.com\/es\/wp-json\/wp\/v2\/media?parent=29582"}],"wp:term":[{"taxonomy":"product_cat","embeddable":true,"href":"https:\/\/gabuteau.com\/es\/wp-json\/wp\/v2\/product_cat?post=29582"},{"taxonomy":"product_tag","embeddable":true,"href":"https:\/\/gabuteau.com\/es\/wp-json\/wp\/v2\/product_tag?post=29582"}],"curies":[{"name":"wp","href":"https:\/\/api.w.org\/{rel}","templated":true}]}}