{"id":2974,"date":"2022-07-25T16:26:31","date_gmt":"2022-07-25T21:26:31","guid":{"rendered":"http:\/\/qa.gabuteau.com\/product\/denise-l\/"},"modified":"2026-04-16T11:39:42","modified_gmt":"2026-04-16T16:39:42","slug":"denise-l","status":"publish","type":"product","link":"https:\/\/gabuteau.com\/es\/producto\/mujer\/bolsos\/bucket\/denise-l\/","title":{"rendered":"DENISE L"},"content":{"rendered":"<p>&nbsp;<\/p>\n","protected":false},"excerpt":{"rendered":"<p>Estructurado y espont\u00e1neo. De silueta bien proporcionada, construido a base de dos cuerpos de l\u00edneas casi \u2026 casi perfectas. Es hecho a mano, he ah\u00ed su verdadero valor. La base forma un dise\u00f1o robusto, pero a la vez es ligero y c\u00f3modo de llevar. Lijar y pintar a mano los bordes de este bolso es un trabajo digno de admiraci\u00f3n.<\/p>\n<p>Nuestro bolso tipo bucket, tiene capacidad para todo, desde art\u00edculos esenciales hasta accesorios port\u00e1tiles.<\/p>\n<ul>\n<li>Para llevarlo cruzado o al hombro.<\/li>\n<li>Asa ajustable.<\/li>\n<li>Cierre con cord\u00f3n de cuero.<\/li>\n<li>Interior de gamuza.<\/li>\n<\/ul>\n","protected":false},"featured_media":3491,"template":"","meta":{"_acf_changed":false,"inline_featured_image":false},"product_cat":[72,70],"product_tag":[73,848,209],"class_list":{"0":"post-2974","1":"product","2":"type-product","3":"status-publish","4":"has-post-thumbnail","6":"product_cat-monogramming","7":"product_cat-bucket","8":"product_tag-naturalidad-2022","9":"product_tag-raices","10":"product_tag-simplicidad","12":"first","13":"instock","14":"purchasable","15":"product-type-variable","16":"has-default-attributes"},"exclude_global_add_ons":false,"addons":[{"name":"Agregar monogram","type":"checkbox","position":0,"required":false,"title_format":"hide","description_enable":false,"description":"","placeholder_enable":false,"placeholder":"","display":"select","restrictions_type":"any_text","adjust_price":false,"price":"","price_type":"flat_fee","restrictions":false,"min":0,"max":0,"options":[{"label":"Agregar monogram (personalizaci\u00f3n)","price":"0","price_type":"flat_fee","image":0}],"id":1692882220},{"name":"Ingresa tus iniciales","type":"custom_text","position":1,"required":false,"title_format":"label","description_enable":true,"description":"Ingresa m\u00e1ximo X caracteres","placeholder_enable":false,"placeholder":"","display":"select","restrictions_type":"any_text","adjust_price":false,"price":"","price_type":"flat_fee","restrictions":false,"min":0,"max":0,"options":[],"id":1692882221}],"acf":[],"_links":{"self":[{"href":"https:\/\/gabuteau.com\/es\/wp-json\/wp\/v2\/product\/2974","targetHints":{"allow":["GET"]}}],"collection":[{"href":"https:\/\/gabuteau.com\/es\/wp-json\/wp\/v2\/product"}],"about":[{"href":"https:\/\/gabuteau.com\/es\/wp-json\/wp\/v2\/types\/product"}],"wp:featuredmedia":[{"embeddable":true,"href":"https:\/\/gabuteau.com\/es\/wp-json\/wp\/v2\/media\/3491"}],"wp:attachment":[{"href":"https:\/\/gabuteau.com\/es\/wp-json\/wp\/v2\/media?parent=2974"}],"wp:term":[{"taxonomy":"product_cat","embeddable":true,"href":"https:\/\/gabuteau.com\/es\/wp-json\/wp\/v2\/product_cat?post=2974"},{"taxonomy":"product_tag","embeddable":true,"href":"https:\/\/gabuteau.com\/es\/wp-json\/wp\/v2\/product_tag?post=2974"}],"curies":[{"name":"wp","href":"https:\/\/api.w.org\/{rel}","templated":true}]}}