{"id":29942,"date":"2024-11-12T12:28:08","date_gmt":"2024-11-12T17:28:08","guid":{"rendered":"https:\/\/gabuteau.com\/?post_type=product&#038;p=29942"},"modified":"2026-04-10T18:08:20","modified_gmt":"2026-04-10T23:08:20","slug":"llavero-llh-102","status":"publish","type":"product","link":"https:\/\/gabuteau.com\/es\/producto\/hombre\/accesorios-h\/llaveros-hombre\/llavero-llh-102\/","title":{"rendered":"Llavero LLH 102"},"content":{"rendered":"<p>&nbsp;<\/p>\n","protected":false},"excerpt":{"rendered":"<p>El mejor complemento para tu d\u00eda a d\u00eda. Con los mosquetones y 1 pin, el LLH 102 ofrece multiples opciones para cargar llaves y dem\u00e1s.<\/p>\n<ul>\n<li>2 mosquetones, uno a cada extremo.<\/li>\n<li>Acabados al corte y bordes pintados a mano.<\/li>\n<\/ul>\n","protected":false},"featured_media":32722,"template":"","meta":{"_acf_changed":false,"inline_featured_image":false},"product_cat":[283],"product_tag":[848],"class_list":{"0":"post-29942","1":"product","2":"type-product","3":"status-publish","4":"has-post-thumbnail","6":"product_cat-llaveros-hombre","7":"product_tag-raices","9":"first","10":"instock","11":"taxable","12":"shipping-taxable","13":"purchasable","14":"product-type-variable","15":"has-default-attributes"},"exclude_global_add_ons":[],"addons":[],"acf":[],"_links":{"self":[{"href":"https:\/\/gabuteau.com\/es\/wp-json\/wp\/v2\/product\/29942","targetHints":{"allow":["GET"]}}],"collection":[{"href":"https:\/\/gabuteau.com\/es\/wp-json\/wp\/v2\/product"}],"about":[{"href":"https:\/\/gabuteau.com\/es\/wp-json\/wp\/v2\/types\/product"}],"wp:featuredmedia":[{"embeddable":true,"href":"https:\/\/gabuteau.com\/es\/wp-json\/wp\/v2\/media\/32722"}],"wp:attachment":[{"href":"https:\/\/gabuteau.com\/es\/wp-json\/wp\/v2\/media?parent=29942"}],"wp:term":[{"taxonomy":"product_cat","embeddable":true,"href":"https:\/\/gabuteau.com\/es\/wp-json\/wp\/v2\/product_cat?post=29942"},{"taxonomy":"product_tag","embeddable":true,"href":"https:\/\/gabuteau.com\/es\/wp-json\/wp\/v2\/product_tag?post=29942"}],"curies":[{"name":"wp","href":"https:\/\/api.w.org\/{rel}","templated":true}]}}