{"id":3006,"date":"2022-07-25T16:27:15","date_gmt":"2022-07-25T21:27:15","guid":{"rendered":"http:\/\/qa.gabuteau.com\/product\/gabrielle\/"},"modified":"2026-01-22T11:20:43","modified_gmt":"2026-01-22T16:20:43","slug":"gabrielle","status":"publish","type":"product","link":"https:\/\/gabuteau.com\/es\/producto\/mujer\/bolsos\/de-mano\/gabrielle\/","title":{"rendered":"GABRIELLE"},"content":{"rendered":"<p>x<\/p>\n","protected":false},"excerpt":{"rendered":"<p>Al igual que AVRIL, este bolso se hace notar por donde quiera que va. Gracias a su look geom\u00e9trico y contempor\u00e1neo. Esta vez, en su presentaci\u00f3n peque\u00f1a y de mano.<\/p>\n<ul>\n<li>Para llevarla a la mu\u00f1eca \u00f3 mano.<\/li>\n<li>Cierre met\u00e1lico.<\/li>\n<li>Media luna met\u00e1lica para sujeci\u00f3n.<\/li>\n<li>2 compartimentos interiores.<\/li>\n<li>Interior en tela.<\/li>\n<\/ul>\n","protected":false},"featured_media":7332,"template":"","meta":{"_acf_changed":false,"inline_featured_image":false},"product_cat":[977,72,76],"product_tag":[287,209],"class_list":{"0":"post-3006","1":"product","2":"type-product","3":"status-publish","4":"has-post-thumbnail","6":"product_cat-clutches-de-mano","7":"product_cat-monogramming","8":"product_cat-de-mano","9":"product_tag-era","10":"product_tag-simplicidad","12":"first","13":"outofstock","14":"product-type-variable","15":"has-default-attributes"},"exclude_global_add_ons":false,"addons":[{"name":"Agregar monogram","type":"checkbox","position":0,"required":false,"title_format":"hide","description_enable":false,"description":"","placeholder_enable":false,"placeholder":"","display":"select","restrictions_type":"any_text","adjust_price":false,"price":"","price_type":"flat_fee","restrictions":false,"min":0,"max":0,"options":[{"label":"Agregar monogram (personalizaci\u00f3n)","price":"0","price_type":"flat_fee","image":0}],"id":1692882220},{"name":"Ingresa tus iniciales","type":"custom_text","position":1,"required":false,"title_format":"label","description_enable":true,"description":"Ingresa m\u00e1ximo X caracteres","placeholder_enable":false,"placeholder":"","display":"select","restrictions_type":"any_text","adjust_price":false,"price":"","price_type":"flat_fee","restrictions":false,"min":0,"max":0,"options":[],"id":1692882221}],"acf":[],"_links":{"self":[{"href":"https:\/\/gabuteau.com\/es\/wp-json\/wp\/v2\/product\/3006","targetHints":{"allow":["GET"]}}],"collection":[{"href":"https:\/\/gabuteau.com\/es\/wp-json\/wp\/v2\/product"}],"about":[{"href":"https:\/\/gabuteau.com\/es\/wp-json\/wp\/v2\/types\/product"}],"wp:featuredmedia":[{"embeddable":true,"href":"https:\/\/gabuteau.com\/es\/wp-json\/wp\/v2\/media\/7332"}],"wp:attachment":[{"href":"https:\/\/gabuteau.com\/es\/wp-json\/wp\/v2\/media?parent=3006"}],"wp:term":[{"taxonomy":"product_cat","embeddable":true,"href":"https:\/\/gabuteau.com\/es\/wp-json\/wp\/v2\/product_cat?post=3006"},{"taxonomy":"product_tag","embeddable":true,"href":"https:\/\/gabuteau.com\/es\/wp-json\/wp\/v2\/product_tag?post=3006"}],"curies":[{"name":"wp","href":"https:\/\/api.w.org\/{rel}","templated":true}]}}