{"id":3016,"date":"2022-07-25T16:27:37","date_gmt":"2022-07-25T21:27:37","guid":{"rendered":"http:\/\/qa.gabuteau.com\/product\/hilda\/"},"modified":"2025-12-22T11:51:16","modified_gmt":"2025-12-22T16:51:16","slug":"hilda","status":"publish","type":"product","link":"https:\/\/gabuteau.com\/es\/producto\/mujer\/bolsos\/de-mano\/hilda\/","title":{"rendered":"HILDA"},"content":{"rendered":"<p>x<\/p>\n","protected":false},"excerpt":{"rendered":"<p>Acertado, as\u00ed es este bolso de mano. Con cierre lateral, en cada uno de los cuerpos. Se une a trav\u00e9s de peque\u00f1as media luna y un mosquet\u00f3n que lleva nuestro logo tallado. \u00bfQu\u00e9 tanto quieres cargar hoy? Tu decide: llevar los dos juntos \u00f3 separados?<\/p>\n<ul>\n<li>Para llevarlo en la mano \u00f3 colgado en la mu\u00f1eca.<\/li>\n<li>Asa extra\u00edble.<\/li>\n<li>Interior de gamuza.<\/li>\n<li>Dos cuerpos, uno peque\u00f1o y otro mediano.<\/li>\n<\/ul>\n","protected":false},"featured_media":13383,"template":"","meta":{"_acf_changed":false,"inline_featured_image":false},"product_cat":[977,72,76],"product_tag":[209],"class_list":{"0":"post-3016","1":"product","2":"type-product","3":"status-publish","4":"has-post-thumbnail","6":"product_cat-clutches-de-mano","7":"product_cat-monogramming","8":"product_cat-de-mano","9":"product_tag-simplicidad","11":"first","12":"outofstock","13":"product-type-variable","14":"has-default-attributes"},"exclude_global_add_ons":false,"addons":[{"name":"Agregar monogram","type":"checkbox","position":0,"required":false,"title_format":"hide","description_enable":false,"description":"","placeholder_enable":false,"placeholder":"","display":"select","restrictions_type":"any_text","adjust_price":false,"price":"","price_type":"flat_fee","restrictions":false,"min":0,"max":0,"options":[{"label":"Agregar monogram (personalizaci\u00f3n)","price":"0","price_type":"flat_fee","image":0}],"id":1692882220},{"name":"Ingresa tus iniciales","type":"custom_text","position":1,"required":false,"title_format":"label","description_enable":true,"description":"Ingresa m\u00e1ximo X caracteres","placeholder_enable":false,"placeholder":"","display":"select","restrictions_type":"any_text","adjust_price":false,"price":"","price_type":"flat_fee","restrictions":false,"min":0,"max":0,"options":[],"id":1692882221}],"acf":[],"_links":{"self":[{"href":"https:\/\/gabuteau.com\/es\/wp-json\/wp\/v2\/product\/3016","targetHints":{"allow":["GET"]}}],"collection":[{"href":"https:\/\/gabuteau.com\/es\/wp-json\/wp\/v2\/product"}],"about":[{"href":"https:\/\/gabuteau.com\/es\/wp-json\/wp\/v2\/types\/product"}],"wp:featuredmedia":[{"embeddable":true,"href":"https:\/\/gabuteau.com\/es\/wp-json\/wp\/v2\/media\/13383"}],"wp:attachment":[{"href":"https:\/\/gabuteau.com\/es\/wp-json\/wp\/v2\/media?parent=3016"}],"wp:term":[{"taxonomy":"product_cat","embeddable":true,"href":"https:\/\/gabuteau.com\/es\/wp-json\/wp\/v2\/product_cat?post=3016"},{"taxonomy":"product_tag","embeddable":true,"href":"https:\/\/gabuteau.com\/es\/wp-json\/wp\/v2\/product_tag?post=3016"}],"curies":[{"name":"wp","href":"https:\/\/api.w.org\/{rel}","templated":true}]}}