{"id":30499,"date":"2024-06-12T10:19:47","date_gmt":"2024-06-12T15:19:47","guid":{"rendered":"https:\/\/gabuteau.com\/?post_type=product&#038;p=30499"},"modified":"2026-04-18T00:29:09","modified_gmt":"2026-04-18T05:29:09","slug":"monedero-mom-110","status":"publish","type":"product","link":"https:\/\/gabuteau.com\/es\/producto\/mujer\/billeteras-2\/monederos\/monedero-mom-110\/","title":{"rendered":"Monedero MOM 110"},"content":{"rendered":"<p>x<\/p>\n","protected":false},"excerpt":{"rendered":"<p>Monedero con un dise\u00f1o en forma de media luna, el tama\u00f1o es perfecto ya que cabe donde quieras y es de f\u00e1cil transporte.<\/p>\n<ul>\n<li>Isotipo repujado<\/li>\n<li>Cierre con borche<\/li>\n<li>Acabados al corte y bordes pintado a mano<\/li>\n<\/ul>\n","protected":false},"featured_media":30497,"template":"","meta":{"_acf_changed":false,"inline_featured_image":false},"product_cat":[90],"product_tag":[365],"class_list":{"0":"post-30499","1":"product","2":"type-product","3":"status-publish","4":"has-post-thumbnail","6":"product_cat-monederos","7":"product_tag-terra","9":"first","10":"instock","11":"taxable","12":"shipping-taxable","13":"purchasable","14":"product-type-variable","15":"has-default-attributes"},"exclude_global_add_ons":[],"addons":[],"acf":[],"_links":{"self":[{"href":"https:\/\/gabuteau.com\/es\/wp-json\/wp\/v2\/product\/30499","targetHints":{"allow":["GET"]}}],"collection":[{"href":"https:\/\/gabuteau.com\/es\/wp-json\/wp\/v2\/product"}],"about":[{"href":"https:\/\/gabuteau.com\/es\/wp-json\/wp\/v2\/types\/product"}],"wp:featuredmedia":[{"embeddable":true,"href":"https:\/\/gabuteau.com\/es\/wp-json\/wp\/v2\/media\/30497"}],"wp:attachment":[{"href":"https:\/\/gabuteau.com\/es\/wp-json\/wp\/v2\/media?parent=30499"}],"wp:term":[{"taxonomy":"product_cat","embeddable":true,"href":"https:\/\/gabuteau.com\/es\/wp-json\/wp\/v2\/product_cat?post=30499"},{"taxonomy":"product_tag","embeddable":true,"href":"https:\/\/gabuteau.com\/es\/wp-json\/wp\/v2\/product_tag?post=30499"}],"curies":[{"name":"wp","href":"https:\/\/api.w.org\/{rel}","templated":true}]}}