{"id":3054,"date":"2022-07-25T16:27:59","date_gmt":"2022-07-25T21:27:59","guid":{"rendered":"http:\/\/qa.gabuteau.com\/product\/llu-101\/"},"modified":"2026-03-28T08:20:09","modified_gmt":"2026-03-28T13:20:09","slug":"llu-101","status":"publish","type":"product","link":"https:\/\/gabuteau.com\/es\/producto\/hombre\/accesorios-h\/llaveros-hombre\/llu-101\/","title":{"rendered":"Llavero LLU 101"},"content":{"rendered":"<p>x<\/p>\n","protected":false},"excerpt":{"rendered":"<p>Un llavero delgado con mosquet\u00f3n aro para colgarlo a tu cartera o colocarlo en tus llaves, adem\u00e1s lleva un pin met\u00e1lico que le da el toque elegante a este precioso accesorio.Tiene limpios acabados y bordes pintados a mano.<\/p>\n","protected":false},"featured_media":7444,"template":"","meta":{"_acf_changed":false,"inline_featured_image":false},"product_cat":[283,72,231],"product_tag":[211],"class_list":{"0":"post-3054","1":"product","2":"type-product","3":"status-publish","4":"has-post-thumbnail","6":"product_cat-llaveros-hombre","7":"product_cat-monogramming","8":"product_cat-llaveros","9":"product_tag-esta-bien","11":"first","12":"onbackorder","13":"purchasable","14":"product-type-variable","15":"has-default-attributes"},"exclude_global_add_ons":false,"addons":[{"name":"Agregar monogram","type":"checkbox","position":0,"required":false,"title_format":"hide","description_enable":false,"description":"","placeholder_enable":false,"placeholder":"","display":"select","restrictions_type":"any_text","adjust_price":false,"price":"","price_type":"flat_fee","restrictions":false,"min":0,"max":0,"options":[{"label":"Agregar monogram (personalizaci\u00f3n)","price":"0","price_type":"flat_fee","image":0}],"id":1692882220},{"name":"Ingresa tus iniciales","type":"custom_text","position":1,"required":false,"title_format":"label","description_enable":true,"description":"Ingresa m\u00e1ximo X caracteres","placeholder_enable":false,"placeholder":"","display":"select","restrictions_type":"any_text","adjust_price":false,"price":"","price_type":"flat_fee","restrictions":false,"min":0,"max":0,"options":[],"id":1692882221}],"acf":[],"_links":{"self":[{"href":"https:\/\/gabuteau.com\/es\/wp-json\/wp\/v2\/product\/3054","targetHints":{"allow":["GET"]}}],"collection":[{"href":"https:\/\/gabuteau.com\/es\/wp-json\/wp\/v2\/product"}],"about":[{"href":"https:\/\/gabuteau.com\/es\/wp-json\/wp\/v2\/types\/product"}],"wp:featuredmedia":[{"embeddable":true,"href":"https:\/\/gabuteau.com\/es\/wp-json\/wp\/v2\/media\/7444"}],"wp:attachment":[{"href":"https:\/\/gabuteau.com\/es\/wp-json\/wp\/v2\/media?parent=3054"}],"wp:term":[{"taxonomy":"product_cat","embeddable":true,"href":"https:\/\/gabuteau.com\/es\/wp-json\/wp\/v2\/product_cat?post=3054"},{"taxonomy":"product_tag","embeddable":true,"href":"https:\/\/gabuteau.com\/es\/wp-json\/wp\/v2\/product_tag?post=3054"}],"curies":[{"name":"wp","href":"https:\/\/api.w.org\/{rel}","templated":true}]}}